{"id":979,"date":"2023-11-01T23:43:57","date_gmt":"2023-11-01T21:43:57","guid":{"rendered":"https:\/\/www.vosbedrijfswagens.nl\/exportation-douaniere\/"},"modified":"2023-12-23T13:01:31","modified_gmt":"2023-12-23T11:01:31","slug":"exportation-douaniere","status":"publish","type":"page","link":"https:\/\/www.vosbedrijfswagens.nl\/fr\/exportation-douaniere\/","title":{"rendered":"Exportation douani\u00e8re"},"content":{"rendered":"\t\t<div data-elementor-type=\"wp-page\" data-elementor-id=\"979\" class=\"elementor elementor-979\" data-elementor-settings=\"{&quot;ha_cmc_init_switcher&quot;:&quot;no&quot;}\" data-elementor-post-type=\"page\">\n\t\t\t\t\t\t<section class=\"elementor-section elementor-top-section elementor-element elementor-element-226145cc elementor-section-height-min-height elementor-section-content-middle elementor-section-boxed elementor-section-height-default elementor-section-items-middle\" data-id=\"226145cc\" data-element_type=\"section\" data-e-type=\"section\" data-settings=\"{&quot;background_background&quot;:&quot;classic&quot;,&quot;_ha_eqh_enable&quot;:false}\">\n\t\t\t\t\t\t<div class=\"elementor-container elementor-column-gap-default\">\n\t\t\t\t\t<div class=\"elementor-column elementor-col-100 elementor-top-column elementor-element elementor-element-2448a6b3\" data-id=\"2448a6b3\" data-element_type=\"column\" data-e-type=\"column\">\n\t\t\t<div class=\"elementor-widget-wrap elementor-element-populated\">\n\t\t\t\t\t\t<div class=\"elementor-element elementor-element-14c48f97 elementor-widget elementor-widget-heading\" data-id=\"14c48f97\" data-element_type=\"widget\" data-e-type=\"widget\" data-widget_type=\"heading.default\">\n\t\t\t\t<div class=\"elementor-widget-container\">\n\t\t\t\t\t<h2 class=\"elementor-heading-title elementor-size-default\"><b style=\"color:white;font-weight:900\">Exportation douani\u00e8re<\/h2>\t\t\t\t<\/div>\n\t\t\t\t<\/div>\n\t\t\t\t<div class=\"elementor-element elementor-element-4e61957 elementor-widget elementor-widget-text-editor\" data-id=\"4e61957\" data-element_type=\"widget\" data-e-type=\"widget\" data-widget_type=\"text-editor.default\">\n\t\t\t\t<div class=\"elementor-widget-container\">\n\t\t\t\t\t\t\t\t\t<p>Importation et exportation de camions de toutes tailles<\/p>\n\t\t\t\t\t\t\t\t<\/div>\n\t\t\t\t<\/div>\n\t\t\t\t\t<\/div>\n\t\t<\/div>\n\t\t\t\t\t<\/div>\n\t\t<\/section>\n\t\t\t\t<section class=\"elementor-section elementor-top-section elementor-element elementor-element-2a3f0ee4 elementor-section-boxed elementor-section-height-default elementor-section-height-default\" data-id=\"2a3f0ee4\" data-element_type=\"section\" data-e-type=\"section\" data-settings=\"{&quot;background_background&quot;:&quot;classic&quot;,&quot;_ha_eqh_enable&quot;:false}\">\n\t\t\t\t\t\t<div class=\"elementor-container elementor-column-gap-default\">\n\t\t\t\t\t<div class=\"elementor-column elementor-col-100 elementor-top-column elementor-element elementor-element-16744c2\" data-id=\"16744c2\" data-element_type=\"column\" data-e-type=\"column\">\n\t\t\t<div class=\"elementor-widget-wrap elementor-element-populated\">\n\t\t\t\t\t\t<div class=\"elementor-element elementor-element-6e4f4222 elementor-widget elementor-widget-heading\" data-id=\"6e4f4222\" data-element_type=\"widget\" data-e-type=\"widget\" data-widget_type=\"heading.default\">\n\t\t\t\t<div class=\"elementor-widget-container\">\n\t\t\t\t\t<h2 class=\"elementor-heading-title elementor-size-default\">Une solution compl\u00e8te pour l'exportation<\/h2>\t\t\t\t<\/div>\n\t\t\t\t<\/div>\n\t\t\t\t<div class=\"elementor-element elementor-element-2a6cd66e elementor-widget elementor-widget-text-editor\" data-id=\"2a6cd66e\" data-element_type=\"widget\" data-e-type=\"widget\" data-widget_type=\"text-editor.default\">\n\t\t\t\t<div class=\"elementor-widget-container\">\n\t\t\t\t\t\t\t\t\t<p>Chez Vos Bedrijfswagens, nous nous concentrons sur l&rsquo;importation et l&rsquo;exportation de camions de toutes tailles, tant au niveau national qu&rsquo;international. Nous savons qu&rsquo;une grande partie de nos produits sont destin\u00e9s aux march\u00e9s \u00e9trangers. C&rsquo;est pourquoi nous offrons \u00e0 nos clients une gamme compl\u00e8te de services pour faciliter le processus d&rsquo;exportation. Nos services comprennent la radiation de l&rsquo;immatriculation pour l&rsquo;exportation de v\u00e9hicules n\u00e9erlandais, la fourniture de plaques d&rsquo;immatriculation pour l&rsquo;exportation, de plaques d&rsquo;immatriculation pour sept jours (Z-kenteken), la d\u00e9livrance de certificats d&rsquo;assurance (cartes vertes internationales), de documents d&rsquo;exportation et de certificats d&rsquo;indemnisation. Chez Vos Bedrijfswagens, nous croyons \u00e0 la prise en charge compl\u00e8te des exportations, sans intervention d&rsquo;un tiers. Vous pouvez nous faire confiance pour faire tout ce qui est en notre pouvoir pour r\u00e9pondre \u00e0 vos besoins d&rsquo;importation et d&rsquo;exportation de camions de toutes tailles. Pour plus d&rsquo;informations et pour discuter de la mani\u00e8re dont nous pouvons vous servir, contactez-nous. Nous sommes pr\u00eats \u00e0 vous aider \u00e0 g\u00e9rer toutes vos activit\u00e9s d&rsquo;exportation.<\/p>\n\t\t\t\t\t\t\t\t<\/div>\n\t\t\t\t<\/div>\n\t\t\t\t<div class=\"elementor-element elementor-element-691e0d6 elementor-widget elementor-widget-image\" data-id=\"691e0d6\" data-element_type=\"widget\" data-e-type=\"widget\" data-widget_type=\"image.default\">\n\t\t\t\t<div class=\"elementor-widget-container\">\n\t\t\t\t\t\t\t\t\t\t\t\t\t\t\t<img fetchpriority=\"high\" decoding=\"async\" width=\"2560\" height=\"1709\" src=\"https:\/\/www.vosbedrijfswagens.nl\/wp-content\/uploads\/2023\/11\/zakelijke-handdruk-samenwerking-succes-concept-scaled.jpg\" class=\"attachment-full size-full wp-image-722\" alt=\"\" srcset=\"https:\/\/www.vosbedrijfswagens.nl\/wp-content\/uploads\/2023\/11\/zakelijke-handdruk-samenwerking-succes-concept-scaled.jpg 2560w, https:\/\/www.vosbedrijfswagens.nl\/wp-content\/uploads\/2023\/11\/zakelijke-handdruk-samenwerking-succes-concept-300x200.jpg 300w, https:\/\/www.vosbedrijfswagens.nl\/wp-content\/uploads\/2023\/11\/zakelijke-handdruk-samenwerking-succes-concept-1024x683.jpg 1024w, https:\/\/www.vosbedrijfswagens.nl\/wp-content\/uploads\/2023\/11\/zakelijke-handdruk-samenwerking-succes-concept-768x513.jpg 768w, https:\/\/www.vosbedrijfswagens.nl\/wp-content\/uploads\/2023\/11\/zakelijke-handdruk-samenwerking-succes-concept-1536x1025.jpg 1536w, https:\/\/www.vosbedrijfswagens.nl\/wp-content\/uploads\/2023\/11\/zakelijke-handdruk-samenwerking-succes-concept-2048x1367.jpg 2048w\" sizes=\"(max-width: 2560px) 100vw, 2560px\" title=\"\">\t\t\t\t\t\t\t\t\t\t\t\t\t\t\t<\/div>\n\t\t\t\t<\/div>\n\t\t\t\t\t<\/div>\n\t\t<\/div>\n\t\t\t\t\t<\/div>\n\t\t<\/section>\n\t\t\t\t<section class=\"elementor-section elementor-top-section elementor-element elementor-element-7fd10d6b elementor-section-boxed elementor-section-height-default elementor-section-height-default\" data-id=\"7fd10d6b\" data-element_type=\"section\" data-e-type=\"section\" data-settings=\"{&quot;background_background&quot;:&quot;classic&quot;,&quot;_ha_eqh_enable&quot;:false}\">\n\t\t\t\t\t\t<div class=\"elementor-container elementor-column-gap-default\">\n\t\t\t\t\t<div class=\"elementor-column elementor-col-100 elementor-top-column elementor-element elementor-element-f847d26\" data-id=\"f847d26\" data-element_type=\"column\" data-e-type=\"column\">\n\t\t\t<div class=\"elementor-widget-wrap elementor-element-populated\">\n\t\t\t\t\t\t<section class=\"elementor-section elementor-inner-section elementor-element elementor-element-193703f6 elementor-section-boxed elementor-section-height-default elementor-section-height-default\" data-id=\"193703f6\" data-element_type=\"section\" data-e-type=\"section\" data-settings=\"{&quot;_ha_eqh_enable&quot;:false}\">\n\t\t\t\t\t\t<div class=\"elementor-container elementor-column-gap-default\">\n\t\t\t\t\t<div class=\"elementor-column elementor-col-50 elementor-inner-column elementor-element elementor-element-441ad811\" data-id=\"441ad811\" data-element_type=\"column\" data-e-type=\"column\">\n\t\t\t<div class=\"elementor-widget-wrap elementor-element-populated\">\n\t\t\t\t\t\t<div class=\"elementor-element elementor-element-321c1f8d elementor-widget elementor-widget-heading\" data-id=\"321c1f8d\" data-element_type=\"widget\" data-e-type=\"widget\" data-widget_type=\"heading.default\">\n\t\t\t\t<div class=\"elementor-widget-container\">\n\t\t\t\t\t<h2 class=\"elementor-heading-title elementor-size-default\">V\u00e9hicules utilitaires <b>VOS<\/b> <\/h2>\t\t\t\t<\/div>\n\t\t\t\t<\/div>\n\t\t\t\t<div class=\"elementor-element elementor-element-690e1a3f elementor-widget elementor-widget-text-editor\" data-id=\"690e1a3f\" data-element_type=\"widget\" data-e-type=\"widget\" data-widget_type=\"text-editor.default\">\n\t\t\t\t<div class=\"elementor-widget-container\">\n\t\t\t\t\t\t\t\t\t<p>Bienvenue chez Vos Bedrijfswagens, votre partenaire fiable pour l&rsquo;achat et la vente de camions d&rsquo;occasion. Forts de nos ann\u00e9es d&rsquo;exp\u00e9rience dans le secteur du transport, nous proposons une large gamme de services et de solutions pour r\u00e9pondre \u00e0 vos besoins sp\u00e9cifiques.<\/p>\n\t\t\t\t\t\t\t\t<\/div>\n\t\t\t\t<\/div>\n\t\t\t\t<div class=\"elementor-element elementor-element-3df0ac99 elementor-widget elementor-widget-heading\" data-id=\"3df0ac99\" data-element_type=\"widget\" data-e-type=\"widget\" data-widget_type=\"heading.default\">\n\t\t\t\t<div class=\"elementor-widget-container\">\n\t\t\t\t\t<h2 class=\"elementor-heading-title elementor-size-default\">Importations et exportations\n<\/h2>\t\t\t\t<\/div>\n\t\t\t\t<\/div>\n\t\t\t\t<div class=\"elementor-element elementor-element-7c1ae163 elementor-widget elementor-widget-text-editor\" data-id=\"7c1ae163\" data-element_type=\"widget\" data-e-type=\"widget\" data-widget_type=\"text-editor.default\">\n\t\t\t\t<div class=\"elementor-widget-container\">\n\t\t\t\t\t\t\t\t\t<p>Notre expertise s&rsquo;\u00e9tend au-del\u00e0 des fronti\u00e8res. Que vous souhaitiez importer, immatriculer ou exp\u00e9dier des v\u00e9hicules dans pratiquement tous les pays du monde, nous sommes l\u00e0 pour vous guider. Gr\u00e2ce \u00e0 nos excellents contacts avec diff\u00e9rents ports, compagnies maritimes et transitaires europ\u00e9ens, nous pouvons vous proposer des tarifs d&rsquo;exp\u00e9dition tr\u00e8s comp\u00e9titifs. Pour seulement 150 \u20ac par camion, nous acheminons le camion que vous avez achet\u00e9 vers les ports d&rsquo;Anvers, de Rotterdam ou d&rsquo;Amsterdam.<\/p>\n\t\t\t\t\t\t\t\t<\/div>\n\t\t\t\t<\/div>\n\t\t\t\t\t<\/div>\n\t\t<\/div>\n\t\t\t\t<div class=\"elementor-column elementor-col-50 elementor-inner-column elementor-element elementor-element-d5eae4d\" data-id=\"d5eae4d\" data-element_type=\"column\" data-e-type=\"column\">\n\t\t\t<div class=\"elementor-widget-wrap elementor-element-populated\">\n\t\t\t\t\t\t<div class=\"elementor-element elementor-element-358eb9ab elementor-widget elementor-widget-heading\" data-id=\"358eb9ab\" data-element_type=\"widget\" data-e-type=\"widget\" data-widget_type=\"heading.default\">\n\t\t\t\t<div class=\"elementor-widget-container\">\n\t\t\t\t\t<h2 class=\"elementor-heading-title elementor-size-default\">Stock de v\u00e9hicules commerciaux<\/h2>\t\t\t\t<\/div>\n\t\t\t\t<\/div>\n\t\t\t\t<div class=\"elementor-element elementor-element-786d3250 elementor-widget elementor-widget-text-editor\" data-id=\"786d3250\" data-element_type=\"widget\" data-e-type=\"widget\" data-widget_type=\"text-editor.default\">\n\t\t\t\t<div class=\"elementor-widget-container\">\n\t\t\t\t\t\t\t\t\t<p>Consultez notre vaste stock de camions d&rsquo;occasion. Nous proposons une s\u00e9lection vari\u00e9e de v\u00e9hicules r\u00e9pondant aux normes de qualit\u00e9 les plus strictes. Que vous soyez \u00e0 la recherche de camions, de camionnettes ou de mat\u00e9riel de transport sp\u00e9cial, vous trouverez ce qu&rsquo;il vous faut chez Vos Bedrijfswagens.<\/p>\n\t\t\t\t\t\t\t\t<\/div>\n\t\t\t\t<\/div>\n\t\t\t\t<div class=\"elementor-element elementor-element-23f5e7c1 elementor-widget elementor-widget-heading\" data-id=\"23f5e7c1\" data-element_type=\"widget\" data-e-type=\"widget\" data-widget_type=\"heading.default\">\n\t\t\t\t<div class=\"elementor-widget-container\">\n\t\t\t\t\t<h2 class=\"elementor-heading-title elementor-size-default\">Contact<\/h2>\t\t\t\t<\/div>\n\t\t\t\t<\/div>\n\t\t\t\t<div class=\"elementor-element elementor-element-328f91f4 elementor-widget elementor-widget-text-editor\" data-id=\"328f91f4\" data-element_type=\"widget\" data-e-type=\"widget\" data-widget_type=\"text-editor.default\">\n\t\t\t\t<div class=\"elementor-widget-container\">\n\t\t\t\t\t\t\t\t\t<p>Vous avez des questions ou souhaitez en savoir plus sur nos services ? Contactez-nous, notre \u00e9quipe d\u00e9vou\u00e9e est pr\u00eate \u00e0 vous aider.<\/p>\n<p>Votre entreprise Groothandelsweg  <br \/>1c 6515 AH Nijmegen  <br \/>Bureau : +31 (0) 24 &#8211; 348 29 00  <br \/>Peter Vos : +31 6 41 45 18 28  <br \/>Joop Vos : +31 6 53 36 35 46 E-<br \/>mail : <a href=\"mailto:info@vosbedrijfswagens.nl\" target=\"_new\">info@vosbedrijfswagens.nl<\/a><\/p>\n\t\t\t\t\t\t\t\t<\/div>\n\t\t\t\t<\/div>\n\t\t\t\t\t<\/div>\n\t\t<\/div>\n\t\t\t\t\t<\/div>\n\t\t<\/section>\n\t\t\t\t<section class=\"elementor-section elementor-inner-section elementor-element elementor-element-17f54379 elementor-section-boxed elementor-section-height-default elementor-section-height-default\" data-id=\"17f54379\" data-element_type=\"section\" data-e-type=\"section\" data-settings=\"{&quot;_ha_eqh_enable&quot;:false}\">\n\t\t\t\t\t\t<div class=\"elementor-container elementor-column-gap-default\">\n\t\t\t\t\t<div class=\"elementor-column elementor-col-50 elementor-inner-column elementor-element elementor-element-20d2d2a9\" data-id=\"20d2d2a9\" data-element_type=\"column\" data-e-type=\"column\">\n\t\t\t<div class=\"elementor-widget-wrap elementor-element-populated\">\n\t\t\t\t\t\t<div class=\"elementor-element elementor-element-6be04409 elementor-widget elementor-widget-image\" data-id=\"6be04409\" data-element_type=\"widget\" data-e-type=\"widget\" data-widget_type=\"image.default\">\n\t\t\t\t<div class=\"elementor-widget-container\">\n\t\t\t\t\t\t\t\t\t\t\t\t\t\t\t<img decoding=\"async\" width=\"159\" height=\"209\" src=\"https:\/\/www.vosbedrijfswagens.nl\/wp-content\/uploads\/2023\/06\/Logo-vos-bedrijfswagens-trucks-hoofd-vos-kleur_Tekengebied-1.svg\" class=\"attachment-full size-full wp-image-11\" alt=\"\" title=\"\">\t\t\t\t\t\t\t\t\t\t\t\t\t\t\t<\/div>\n\t\t\t\t<\/div>\n\t\t\t\t\t<\/div>\n\t\t<\/div>\n\t\t\t\t<div class=\"elementor-column elementor-col-50 elementor-inner-column elementor-element elementor-element-758afa91\" data-id=\"758afa91\" data-element_type=\"column\" data-e-type=\"column\">\n\t\t\t<div class=\"elementor-widget-wrap elementor-element-populated\">\n\t\t\t\t\t\t<div class=\"elementor-element elementor-element-7eb90b39 elementor-widget-divider--view-line elementor-widget elementor-widget-divider\" data-id=\"7eb90b39\" data-element_type=\"widget\" data-e-type=\"widget\" data-widget_type=\"divider.default\">\n\t\t\t\t<div class=\"elementor-widget-container\">\n\t\t\t\t\t\t\t<div class=\"elementor-divider\">\n\t\t\t<span class=\"elementor-divider-separator\">\n\t\t\t\t\t\t<\/span>\n\t\t<\/div>\n\t\t\t\t\t\t<\/div>\n\t\t\t\t<\/div>\n\t\t\t\t<div class=\"elementor-element elementor-element-75de1dbe elementor-icon-list--layout-inline elementor-align-start elementor-list-item-link-full_width elementor-widget elementor-widget-icon-list\" data-id=\"75de1dbe\" data-element_type=\"widget\" data-e-type=\"widget\" data-widget_type=\"icon-list.default\">\n\t\t\t\t<div class=\"elementor-widget-container\">\n\t\t\t\t\t\t\t<ul class=\"elementor-icon-list-items elementor-inline-items\">\n\t\t\t\t\t\t\t<li class=\"elementor-icon-list-item elementor-inline-item\">\n\t\t\t\t\t\t\t\t\t\t\t<span class=\"elementor-icon-list-icon\">\n\t\t\t\t\t\t\t<i aria-hidden=\"true\" class=\"hm hm-info\"><\/i>\t\t\t\t\t\t<\/span>\n\t\t\t\t\t\t\t\t\t\t<span class=\"elementor-icon-list-text\">En savoir plus sur VOS Bedrijfwagesn<\/span>\n\t\t\t\t\t\t\t\t\t<\/li>\n\t\t\t\t\t\t\t\t<li class=\"elementor-icon-list-item elementor-inline-item\">\n\t\t\t\t\t\t\t\t\t\t\t<span class=\"elementor-icon-list-icon\">\n\t\t\t\t\t\t\t<i aria-hidden=\"true\" class=\"hm hm-phone\"><\/i>\t\t\t\t\t\t<\/span>\n\t\t\t\t\t\t\t\t\t\t<span class=\"elementor-icon-list-text\"><u>Contacter VOS V\u00e9hicules Utilitaires<\/u><\/span>\n\t\t\t\t\t\t\t\t\t<\/li>\n\t\t\t\t\t\t<\/ul>\n\t\t\t\t\t\t<\/div>\n\t\t\t\t<\/div>\n\t\t\t\t\t<\/div>\n\t\t<\/div>\n\t\t\t\t\t<\/div>\n\t\t<\/section>\n\t\t\t\t\t<\/div>\n\t\t<\/div>\n\t\t\t\t\t<\/div>\n\t\t<\/section>\n\t\t\t\t<section class=\"elementor-section elementor-top-section elementor-element elementor-element-25c492c9 elementor-section-boxed elementor-section-height-default elementor-section-height-default\" data-id=\"25c492c9\" data-element_type=\"section\" data-e-type=\"section\" data-settings=\"{&quot;_ha_eqh_enable&quot;:false}\">\n\t\t\t\t\t\t<div class=\"elementor-container elementor-column-gap-default\">\n\t\t\t\t\t<div class=\"elementor-column elementor-col-100 elementor-top-column elementor-element elementor-element-30260fd1\" data-id=\"30260fd1\" data-element_type=\"column\" data-e-type=\"column\">\n\t\t\t<div class=\"elementor-widget-wrap elementor-element-populated\">\n\t\t\t\t\t\t<div class=\"elementor-element elementor-element-3701c8a7 elementor-widget elementor-widget-heading\" data-id=\"3701c8a7\" data-element_type=\"widget\" data-e-type=\"widget\" data-widget_type=\"heading.default\">\n\t\t\t\t<div class=\"elementor-widget-container\">\n\t\t\t\t\t<h2 class=\"elementor-heading-title elementor-size-default\">Stock de v\u00e9hicules commerciaux<\/h2>\t\t\t\t<\/div>\n\t\t\t\t<\/div>\n\t\t\t\t<div class=\"elementor-element elementor-element-e0d9cd8 elementor-widget elementor-widget-image\" data-id=\"e0d9cd8\" data-element_type=\"widget\" data-e-type=\"widget\" data-widget_type=\"image.default\">\n\t\t\t\t<div class=\"elementor-widget-container\">\n\t\t\t\t\t\t\t\t\t\t\t\t\t\t\t<img decoding=\"async\" width=\"546\" height=\"173\" src=\"https:\/\/www.vosbedrijfswagens.nl\/wp-content\/uploads\/2023\/07\/Screenshot-2023-07-05-124659.png\" class=\"attachment-full size-full wp-image-399\" alt=\"\" srcset=\"https:\/\/www.vosbedrijfswagens.nl\/wp-content\/uploads\/2023\/07\/Screenshot-2023-07-05-124659.png 546w, https:\/\/www.vosbedrijfswagens.nl\/wp-content\/uploads\/2023\/07\/Screenshot-2023-07-05-124659-300x95.png 300w\" sizes=\"(max-width: 546px) 100vw, 546px\" title=\"\">\t\t\t\t\t\t\t\t\t\t\t\t\t\t\t<\/div>\n\t\t\t\t<\/div>\n\t\t\t\t<div class=\"elementor-element elementor-element-4c747355 elementor-align-right elementor-widget elementor-widget-button\" data-id=\"4c747355\" data-element_type=\"widget\" data-e-type=\"widget\" data-widget_type=\"button.default\">\n\t\t\t\t<div class=\"elementor-widget-container\">\n\t\t\t\t\t\t\t\t\t<div class=\"elementor-button-wrapper\">\n\t\t\t\t\t<a class=\"elementor-button elementor-button-link elementor-size-sm\" href=\"#\">\n\t\t\t\t\t\t<span class=\"elementor-button-content-wrapper\">\n\t\t\t\t\t\t\t\t\t<span class=\"elementor-button-text\">Plus de v\u00e9hicules utilitaires en stock<\/span>\n\t\t\t\t\t<\/span>\n\t\t\t\t\t<\/a>\n\t\t\t\t<\/div>\n\t\t\t\t\t\t\t\t<\/div>\n\t\t\t\t<\/div>\n\t\t\t\t\t<\/div>\n\t\t<\/div>\n\t\t\t\t\t<\/div>\n\t\t<\/section>\n\t\t\t\t<section class=\"elementor-section elementor-top-section elementor-element elementor-element-71ed5a52 elementor-reverse-mobile elementor-section-boxed elementor-section-height-default elementor-section-height-default\" data-id=\"71ed5a52\" data-element_type=\"section\" data-e-type=\"section\" data-settings=\"{&quot;background_background&quot;:&quot;classic&quot;,&quot;_ha_eqh_enable&quot;:false}\">\n\t\t\t\t\t\t<div class=\"elementor-container elementor-column-gap-default\">\n\t\t\t\t\t<div class=\"elementor-column elementor-col-50 elementor-top-column elementor-element elementor-element-2c6e9971\" data-id=\"2c6e9971\" data-element_type=\"column\" data-e-type=\"column\">\n\t\t\t<div class=\"elementor-widget-wrap elementor-element-populated\">\n\t\t\t\t\t\t<div class=\"elementor-element elementor-element-4341dda elementor-widget elementor-widget-heading\" data-id=\"4341dda\" data-element_type=\"widget\" data-e-type=\"widget\" data-widget_type=\"heading.default\">\n\t\t\t\t<div class=\"elementor-widget-container\">\n\t\t\t\t\t<h2 class=\"elementor-heading-title elementor-size-default\">Besoin d'aide<\/h2>\t\t\t\t<\/div>\n\t\t\t\t<\/div>\n\t\t\t\t<div class=\"elementor-element elementor-element-460d9fc4 elementor-widget elementor-widget-heading\" data-id=\"460d9fc4\" data-element_type=\"widget\" data-e-type=\"widget\" data-widget_type=\"heading.default\">\n\t\t\t\t<div class=\"elementor-widget-container\">\n\t\t\t\t\t<h2 class=\"elementor-heading-title elementor-size-default\">Vous ne trouvez pas la bonne voiture de soci\u00e9t\u00e9 ?<\/h2>\t\t\t\t<\/div>\n\t\t\t\t<\/div>\n\t\t\t\t<div class=\"elementor-element elementor-element-4907d65f elementor-widget elementor-widget-text-editor\" data-id=\"4907d65f\" data-element_type=\"widget\" data-e-type=\"widget\" data-widget_type=\"text-editor.default\">\n\t\t\t\t<div class=\"elementor-widget-container\">\n\t\t\t\t\t\t\t\t\t<p>Si vous avez besoin d&rsquo;un soutien suppl\u00e9mentaire ou si vous avez des questions sp\u00e9cifiques, n&rsquo;h\u00e9sitez pas \u00e0 nous contacter. Notre \u00e9quipe d&rsquo;experts est \u00e0 votre disposition pour vous aider et vous fournir toutes les informations n\u00e9cessaires. Nous sommes l\u00e0 pour r\u00e9pondre \u00e0 vos questions et vous aider \u00e0 trouver les bonnes solutions pour vos besoins en mati\u00e8re de v\u00e9hicules commerciaux.<\/p>\n\t\t\t\t\t\t\t\t<\/div>\n\t\t\t\t<\/div>\n\t\t\t\t<div class=\"elementor-element elementor-element-3c2efa21 elementor-widget elementor-widget-button\" data-id=\"3c2efa21\" data-element_type=\"widget\" data-e-type=\"widget\" data-widget_type=\"button.default\">\n\t\t\t\t<div class=\"elementor-widget-container\">\n\t\t\t\t\t\t\t\t\t<div class=\"elementor-button-wrapper\">\n\t\t\t\t\t<a class=\"elementor-button elementor-button-link elementor-size-sm\" href=\"#\">\n\t\t\t\t\t\t<span class=\"elementor-button-content-wrapper\">\n\t\t\t\t\t\t\t\t\t<span class=\"elementor-button-text\">Contacter Peter Vos<\/span>\n\t\t\t\t\t<\/span>\n\t\t\t\t\t<\/a>\n\t\t\t\t<\/div>\n\t\t\t\t\t\t\t\t<\/div>\n\t\t\t\t<\/div>\n\t\t\t\t\t<\/div>\n\t\t<\/div>\n\t\t\t\t<div class=\"elementor-column elementor-col-50 elementor-top-column elementor-element elementor-element-4fd35f8a\" data-id=\"4fd35f8a\" data-element_type=\"column\" data-e-type=\"column\">\n\t\t\t<div class=\"elementor-widget-wrap elementor-element-populated\">\n\t\t\t\t\t\t<div class=\"elementor-element elementor-element-513ba91 elementor-widget elementor-widget-image\" data-id=\"513ba91\" data-element_type=\"widget\" data-e-type=\"widget\" data-widget_type=\"image.default\">\n\t\t\t\t<div class=\"elementor-widget-container\">\n\t\t\t\t\t\t\t\t\t\t\t\t\t\t\t<img loading=\"lazy\" decoding=\"async\" width=\"928\" height=\"1281\" src=\"https:\/\/www.vosbedrijfswagens.nl\/wp-content\/uploads\/2023\/06\/vos-bedrijfswagens-neem-contact-op-peter-vos.png\" class=\"attachment-full size-full wp-image-20\" alt=\"\" srcset=\"https:\/\/www.vosbedrijfswagens.nl\/wp-content\/uploads\/2023\/06\/vos-bedrijfswagens-neem-contact-op-peter-vos.png 928w, https:\/\/www.vosbedrijfswagens.nl\/wp-content\/uploads\/2023\/06\/vos-bedrijfswagens-neem-contact-op-peter-vos-217x300.png 217w, https:\/\/www.vosbedrijfswagens.nl\/wp-content\/uploads\/2023\/06\/vos-bedrijfswagens-neem-contact-op-peter-vos-742x1024.png 742w, https:\/\/www.vosbedrijfswagens.nl\/wp-content\/uploads\/2023\/06\/vos-bedrijfswagens-neem-contact-op-peter-vos-768x1060.png 768w\" sizes=\"(max-width: 928px) 100vw, 928px\" title=\"\">\t\t\t\t\t\t\t\t\t\t\t\t\t\t\t<\/div>\n\t\t\t\t<\/div>\n\t\t\t\t\t<\/div>\n\t\t<\/div>\n\t\t\t\t\t<\/div>\n\t\t<\/section>\n\t\t\t\t<\/div>\n\t\t","protected":false},"excerpt":{"rendered":"<p>Exportation douani\u00e8re Importation et exportation de camions de toutes tailles Une solution compl\u00e8te pour l&rsquo;exportation Chez Vos Bedrijfswagens, nous nous concentrons sur l&rsquo;importation et l&rsquo;exportation de camions de toutes tailles, tant au niveau national qu&rsquo;international. Nous savons qu&rsquo;une grande partie de nos produits sont destin\u00e9s aux march\u00e9s \u00e9trangers. C&rsquo;est pourquoi nous offrons \u00e0 nos clients [&hellip;]<\/p>\n","protected":false},"author":1,"featured_media":0,"parent":0,"menu_order":0,"comment_status":"closed","ping_status":"closed","template":"elementor_header_footer","meta":{"footnotes":""},"class_list":["post-979","page","type-page","status-publish","hentry"],"_links":{"self":[{"href":"https:\/\/www.vosbedrijfswagens.nl\/fr\/wp-json\/wp\/v2\/pages\/979","targetHints":{"allow":["GET"]}}],"collection":[{"href":"https:\/\/www.vosbedrijfswagens.nl\/fr\/wp-json\/wp\/v2\/pages"}],"about":[{"href":"https:\/\/www.vosbedrijfswagens.nl\/fr\/wp-json\/wp\/v2\/types\/page"}],"author":[{"embeddable":true,"href":"https:\/\/www.vosbedrijfswagens.nl\/fr\/wp-json\/wp\/v2\/users\/1"}],"replies":[{"embeddable":true,"href":"https:\/\/www.vosbedrijfswagens.nl\/fr\/wp-json\/wp\/v2\/comments?post=979"}],"version-history":[{"count":0,"href":"https:\/\/www.vosbedrijfswagens.nl\/fr\/wp-json\/wp\/v2\/pages\/979\/revisions"}],"wp:attachment":[{"href":"https:\/\/www.vosbedrijfswagens.nl\/fr\/wp-json\/wp\/v2\/media?parent=979"}],"curies":[{"name":"wp","href":"https:\/\/api.w.org\/{rel}","templated":true}]}}