{"id":1358,"date":"2024-05-05T11:08:45","date_gmt":"2024-05-05T09:08:45","guid":{"rendered":"https:\/\/www.vosbedrijfswagens.nl\/stock-de-vehicules-commerciaux\/"},"modified":"2024-05-05T11:28:59","modified_gmt":"2024-05-05T09:28:59","slug":"stock-de-vehicules-commerciaux","status":"publish","type":"page","link":"https:\/\/www.vosbedrijfswagens.nl\/fr\/stock-de-vehicules-commerciaux\/","title":{"rendered":"Stock de v\u00e9hicules commerciaux"},"content":{"rendered":"\t\t<div data-elementor-type=\"wp-page\" data-elementor-id=\"1358\" class=\"elementor elementor-1358\" data-elementor-settings=\"{&quot;ha_cmc_init_switcher&quot;:&quot;no&quot;}\" data-elementor-post-type=\"page\">\n\t\t\t\t\t\t<section class=\"elementor-section elementor-top-section elementor-element elementor-element-43937e00 elementor-section-height-min-height elementor-section-boxed elementor-section-height-default elementor-section-items-middle\" data-id=\"43937e00\" data-element_type=\"section\" data-e-type=\"section\" data-settings=\"{&quot;background_background&quot;:&quot;classic&quot;,&quot;_ha_eqh_enable&quot;:false}\">\n\t\t\t\t\t\t<div class=\"elementor-container elementor-column-gap-default\">\n\t\t\t\t\t<div class=\"elementor-column elementor-col-100 elementor-top-column elementor-element elementor-element-6d5bfffb\" data-id=\"6d5bfffb\" data-element_type=\"column\" data-e-type=\"column\">\n\t\t\t<div class=\"elementor-widget-wrap elementor-element-populated\">\n\t\t\t\t\t\t<div class=\"elementor-element elementor-element-4f2c14f6 elementor-widget elementor-widget-heading\" data-id=\"4f2c14f6\" data-element_type=\"widget\" data-e-type=\"widget\" data-widget_type=\"heading.default\">\n\t\t\t\t<div class=\"elementor-widget-container\">\n\t\t\t\t\t<h2 class=\"elementor-heading-title elementor-size-default\"><b style=\"color:white;font-weight:900\">Stock de v\u00e9hicules commerciaux<\/h2>\t\t\t\t<\/div>\n\t\t\t\t<\/div>\n\t\t\t\t<div class=\"elementor-element elementor-element-92f2800 elementor-widget elementor-widget-text-editor\" data-id=\"92f2800\" data-element_type=\"widget\" data-e-type=\"widget\" data-widget_type=\"text-editor.default\">\n\t\t\t\t<div class=\"elementor-widget-container\">\n\t\t\t\t\t\t\t\t\t<p><em>D\u00e9couvrez notre vaste s\u00e9lection de v\u00e9hicules utilitaires<\/em><\/p>\n\t\t\t\t\t\t\t\t<\/div>\n\t\t\t\t<\/div>\n\t\t\t\t\t<\/div>\n\t\t<\/div>\n\t\t\t\t\t<\/div>\n\t\t<\/section>\n\t\t\t\t<section class=\"elementor-section elementor-top-section elementor-element elementor-element-35af96ae elementor-section-boxed elementor-section-height-default elementor-section-height-default\" data-id=\"35af96ae\" data-element_type=\"section\" data-e-type=\"section\" data-settings=\"{&quot;background_background&quot;:&quot;classic&quot;,&quot;_ha_eqh_enable&quot;:false}\">\n\t\t\t\t\t\t<div class=\"elementor-container elementor-column-gap-default\">\n\t\t\t\t\t<div class=\"elementor-column elementor-col-100 elementor-top-column elementor-element elementor-element-8203678\" data-id=\"8203678\" data-element_type=\"column\" data-e-type=\"column\">\n\t\t\t<div class=\"elementor-widget-wrap elementor-element-populated\">\n\t\t\t\t\t\t<div class=\"elementor-element elementor-element-21bede2d elementor-widget elementor-widget-heading\" data-id=\"21bede2d\" data-element_type=\"widget\" data-e-type=\"widget\" data-widget_type=\"heading.default\">\n\t\t\t\t<div class=\"elementor-widget-container\">\n\t\t\t\t\t<h2 class=\"elementor-heading-title elementor-size-default\">D\u00e9couvrez notre stock<\/h2>\t\t\t\t<\/div>\n\t\t\t\t<\/div>\n\t\t\t\t<div class=\"elementor-element elementor-element-ebd9864 elementor-widget elementor-widget-text-editor\" data-id=\"ebd9864\" data-element_type=\"widget\" data-e-type=\"widget\" data-widget_type=\"text-editor.default\">\n\t\t\t\t<div class=\"elementor-widget-container\">\n\t\t\t\t\t\t\t\t\t<div id=\"svm-canvas\"><\/div>\n<script type=\"text\/javascript\">\n(function(){h=document.getElementsByTagName('head')[0];s=document.createElement('script');\ns.type='text\/javascript';s.src=\"https:\/\/voorraadmodule.nl\/js\/svm.js?t=\"+Date.now();s.onload=function(){\nsvm.saveUrlGetData({key: 'svm_canvas_width', value:document.getElementById('svm-canvas').clientWidth});\nvm=svm.create('d330','https:\/\/voorraadmodule.nl\/',false, {'carousel': false, 'carouselOptions': {'direction': false, 'amount': false}, 'quick_search': false}, 'default');\nvm.init();};h.appendChild(s);})();\n<\/script>\t\t\t\t\t\t\t\t<\/div>\n\t\t\t\t<\/div>\n\t\t\t\t\t<\/div>\n\t\t<\/div>\n\t\t\t\t\t<\/div>\n\t\t<\/section>\n\t\t\t\t<section class=\"elementor-section elementor-top-section elementor-element elementor-element-4a2dc2e3 elementor-section-boxed elementor-section-height-default elementor-section-height-default\" data-id=\"4a2dc2e3\" data-element_type=\"section\" data-e-type=\"section\" data-settings=\"{&quot;background_background&quot;:&quot;classic&quot;,&quot;_ha_eqh_enable&quot;:false}\">\n\t\t\t\t\t\t<div class=\"elementor-container elementor-column-gap-default\">\n\t\t\t\t\t<div class=\"elementor-column elementor-col-100 elementor-top-column elementor-element elementor-element-350e856d\" data-id=\"350e856d\" data-element_type=\"column\" data-e-type=\"column\">\n\t\t\t<div class=\"elementor-widget-wrap elementor-element-populated\">\n\t\t\t\t\t\t<section class=\"elementor-section elementor-inner-section elementor-element elementor-element-4c8f38a6 elementor-section-boxed elementor-section-height-default elementor-section-height-default\" data-id=\"4c8f38a6\" data-element_type=\"section\" data-e-type=\"section\" data-settings=\"{&quot;_ha_eqh_enable&quot;:false}\">\n\t\t\t\t\t\t<div class=\"elementor-container elementor-column-gap-default\">\n\t\t\t\t\t<div class=\"elementor-column elementor-col-50 elementor-inner-column elementor-element elementor-element-1def24f5\" data-id=\"1def24f5\" data-element_type=\"column\" data-e-type=\"column\">\n\t\t\t<div class=\"elementor-widget-wrap elementor-element-populated\">\n\t\t\t\t\t\t<div class=\"elementor-element elementor-element-10caa5e1 elementor-widget elementor-widget-heading\" data-id=\"10caa5e1\" data-element_type=\"widget\" data-e-type=\"widget\" data-widget_type=\"heading.default\">\n\t\t\t\t<div class=\"elementor-widget-container\">\n\t\t\t\t\t<h2 class=\"elementor-heading-title elementor-size-default\">V\u00e9hicules utilitaires <b>VOS<\/b> <\/h2>\t\t\t\t<\/div>\n\t\t\t\t<\/div>\n\t\t\t\t<div class=\"elementor-element elementor-element-32133931 elementor-widget elementor-widget-text-editor\" data-id=\"32133931\" data-element_type=\"widget\" data-e-type=\"widget\" data-widget_type=\"text-editor.default\">\n\t\t\t\t<div class=\"elementor-widget-container\">\n\t\t\t\t\t\t\t\t\t<p>Bienvenue chez Vos Bedrijfswagens, votre partenaire fiable pour l&rsquo;achat et la vente de camions d&rsquo;occasion. Forts de nos ann\u00e9es d&rsquo;exp\u00e9rience dans le secteur du transport, nous proposons une large gamme de services et de solutions pour r\u00e9pondre \u00e0 vos besoins sp\u00e9cifiques.<\/p>\n\t\t\t\t\t\t\t\t<\/div>\n\t\t\t\t<\/div>\n\t\t\t\t<div class=\"elementor-element elementor-element-59f6e6a elementor-widget elementor-widget-heading\" data-id=\"59f6e6a\" data-element_type=\"widget\" data-e-type=\"widget\" data-widget_type=\"heading.default\">\n\t\t\t\t<div class=\"elementor-widget-container\">\n\t\t\t\t\t<h2 class=\"elementor-heading-title elementor-size-default\">Importations et exportations\n<\/h2>\t\t\t\t<\/div>\n\t\t\t\t<\/div>\n\t\t\t\t<div class=\"elementor-element elementor-element-684eb571 elementor-widget elementor-widget-text-editor\" data-id=\"684eb571\" data-element_type=\"widget\" data-e-type=\"widget\" data-widget_type=\"text-editor.default\">\n\t\t\t\t<div class=\"elementor-widget-container\">\n\t\t\t\t\t\t\t\t\t<p>Notre expertise s&rsquo;\u00e9tend au-del\u00e0 des fronti\u00e8res. Que vous souhaitiez importer, immatriculer ou exp\u00e9dier des v\u00e9hicules dans pratiquement tous les pays du monde, nous sommes l\u00e0 pour vous guider. Gr\u00e2ce \u00e0 nos excellents contacts avec diff\u00e9rents ports, compagnies maritimes et transitaires europ\u00e9ens, nous pouvons vous proposer des tarifs d&rsquo;exp\u00e9dition tr\u00e8s comp\u00e9titifs. Pour seulement 150 \u20ac par camion, nous acheminons le camion que vous avez achet\u00e9 vers les ports d&rsquo;Anvers, de Rotterdam ou d&rsquo;Amsterdam.<\/p>\n\t\t\t\t\t\t\t\t<\/div>\n\t\t\t\t<\/div>\n\t\t\t\t\t<\/div>\n\t\t<\/div>\n\t\t\t\t<div class=\"elementor-column elementor-col-50 elementor-inner-column elementor-element elementor-element-34dd43e8\" data-id=\"34dd43e8\" data-element_type=\"column\" data-e-type=\"column\">\n\t\t\t<div class=\"elementor-widget-wrap elementor-element-populated\">\n\t\t\t\t\t\t<div class=\"elementor-element elementor-element-d4fc60e elementor-widget elementor-widget-heading\" data-id=\"d4fc60e\" data-element_type=\"widget\" data-e-type=\"widget\" data-widget_type=\"heading.default\">\n\t\t\t\t<div class=\"elementor-widget-container\">\n\t\t\t\t\t<h2 class=\"elementor-heading-title elementor-size-default\">Stock de v\u00e9hicules commerciaux<\/h2>\t\t\t\t<\/div>\n\t\t\t\t<\/div>\n\t\t\t\t<div class=\"elementor-element elementor-element-1ab14ced elementor-widget elementor-widget-text-editor\" data-id=\"1ab14ced\" data-element_type=\"widget\" data-e-type=\"widget\" data-widget_type=\"text-editor.default\">\n\t\t\t\t<div class=\"elementor-widget-container\">\n\t\t\t\t\t\t\t\t\t<p>Consultez notre vaste stock de camions d&rsquo;occasion. Nous proposons une s\u00e9lection vari\u00e9e de v\u00e9hicules r\u00e9pondant aux normes de qualit\u00e9 les plus strictes. Que vous soyez \u00e0 la recherche de camions, de camionnettes ou de mat\u00e9riel de transport sp\u00e9cial, vous trouverez ce qu&rsquo;il vous faut chez Vos Bedrijfswagens.<\/p>\n\t\t\t\t\t\t\t\t<\/div>\n\t\t\t\t<\/div>\n\t\t\t\t<div class=\"elementor-element elementor-element-1266cf6 elementor-widget elementor-widget-heading\" data-id=\"1266cf6\" data-element_type=\"widget\" data-e-type=\"widget\" data-widget_type=\"heading.default\">\n\t\t\t\t<div class=\"elementor-widget-container\">\n\t\t\t\t\t<h2 class=\"elementor-heading-title elementor-size-default\">Contact<\/h2>\t\t\t\t<\/div>\n\t\t\t\t<\/div>\n\t\t\t\t<div class=\"elementor-element elementor-element-3865832b elementor-widget elementor-widget-text-editor\" data-id=\"3865832b\" data-element_type=\"widget\" data-e-type=\"widget\" data-widget_type=\"text-editor.default\">\n\t\t\t\t<div class=\"elementor-widget-container\">\n\t\t\t\t\t\t\t\t\t<p>Vous avez des questions ou souhaitez en savoir plus sur nos services ? Contactez-nous, notre \u00e9quipe d\u00e9vou\u00e9e est pr\u00eate \u00e0 vous aider.<\/p>\n<p>Votre entreprise Groothandelsweg  <br \/>1c 6515 AH Nijmegen  <br \/>Bureau : +31 (0) 24 &#8211; 348 29 00  <br \/>Peter Vos : +31 6 41 45 18 28  <br \/>Joop Vos : +31 6 53 36 35 46 E-<br \/>mail : <a href=\"mailto:info@vosbedrijfswagens.nl\" target=\"_new\">info@vosbedrijfswagens.nl<\/a><\/p>\n\t\t\t\t\t\t\t\t<\/div>\n\t\t\t\t<\/div>\n\t\t\t\t\t<\/div>\n\t\t<\/div>\n\t\t\t\t\t<\/div>\n\t\t<\/section>\n\t\t\t\t<section class=\"elementor-section elementor-inner-section elementor-element elementor-element-65355d98 elementor-section-boxed elementor-section-height-default elementor-section-height-default\" data-id=\"65355d98\" data-element_type=\"section\" data-e-type=\"section\" data-settings=\"{&quot;_ha_eqh_enable&quot;:false}\">\n\t\t\t\t\t\t<div class=\"elementor-container elementor-column-gap-default\">\n\t\t\t\t\t<div class=\"elementor-column elementor-col-50 elementor-inner-column elementor-element elementor-element-560cc598\" data-id=\"560cc598\" data-element_type=\"column\" data-e-type=\"column\">\n\t\t\t<div class=\"elementor-widget-wrap elementor-element-populated\">\n\t\t\t\t\t\t<div class=\"elementor-element elementor-element-29a55185 elementor-widget elementor-widget-image\" data-id=\"29a55185\" data-element_type=\"widget\" data-e-type=\"widget\" data-widget_type=\"image.default\">\n\t\t\t\t<div class=\"elementor-widget-container\">\n\t\t\t\t\t\t\t\t\t\t\t\t\t\t\t<img decoding=\"async\" width=\"159\" height=\"209\" src=\"https:\/\/www.vosbedrijfswagens.nl\/wp-content\/uploads\/2023\/06\/Logo-vos-bedrijfswagens-trucks-hoofd-vos-kleur_Tekengebied-1.svg\" class=\"attachment-full size-full wp-image-11\" alt=\"\" title=\"\">\t\t\t\t\t\t\t\t\t\t\t\t\t\t\t<\/div>\n\t\t\t\t<\/div>\n\t\t\t\t\t<\/div>\n\t\t<\/div>\n\t\t\t\t<div class=\"elementor-column elementor-col-50 elementor-inner-column elementor-element elementor-element-6e69f4e3\" data-id=\"6e69f4e3\" data-element_type=\"column\" data-e-type=\"column\">\n\t\t\t<div class=\"elementor-widget-wrap elementor-element-populated\">\n\t\t\t\t\t\t<div class=\"elementor-element elementor-element-3db0fc elementor-widget-divider--view-line elementor-widget elementor-widget-divider\" data-id=\"3db0fc\" data-element_type=\"widget\" data-e-type=\"widget\" data-widget_type=\"divider.default\">\n\t\t\t\t<div class=\"elementor-widget-container\">\n\t\t\t\t\t\t\t<div class=\"elementor-divider\">\n\t\t\t<span class=\"elementor-divider-separator\">\n\t\t\t\t\t\t<\/span>\n\t\t<\/div>\n\t\t\t\t\t\t<\/div>\n\t\t\t\t<\/div>\n\t\t\t\t<div class=\"elementor-element elementor-element-6effe3b1 elementor-icon-list--layout-inline elementor-align-start elementor-list-item-link-full_width elementor-widget elementor-widget-icon-list\" data-id=\"6effe3b1\" data-element_type=\"widget\" data-e-type=\"widget\" data-widget_type=\"icon-list.default\">\n\t\t\t\t<div class=\"elementor-widget-container\">\n\t\t\t\t\t\t\t<ul class=\"elementor-icon-list-items elementor-inline-items\">\n\t\t\t\t\t\t\t<li class=\"elementor-icon-list-item elementor-inline-item\">\n\t\t\t\t\t\t\t\t\t\t\t<span class=\"elementor-icon-list-icon\">\n\t\t\t\t\t\t\t<i aria-hidden=\"true\" class=\"hm hm-info\"><\/i>\t\t\t\t\t\t<\/span>\n\t\t\t\t\t\t\t\t\t\t<span class=\"elementor-icon-list-text\">En savoir plus sur VOS Bedrijfwagesn<\/span>\n\t\t\t\t\t\t\t\t\t<\/li>\n\t\t\t\t\t\t\t\t<li class=\"elementor-icon-list-item elementor-inline-item\">\n\t\t\t\t\t\t\t\t\t\t\t<span class=\"elementor-icon-list-icon\">\n\t\t\t\t\t\t\t<i aria-hidden=\"true\" class=\"hm hm-phone\"><\/i>\t\t\t\t\t\t<\/span>\n\t\t\t\t\t\t\t\t\t\t<span class=\"elementor-icon-list-text\"><u>Contacter VOS V\u00e9hicules Utilitaires<\/u><\/span>\n\t\t\t\t\t\t\t\t\t<\/li>\n\t\t\t\t\t\t<\/ul>\n\t\t\t\t\t\t<\/div>\n\t\t\t\t<\/div>\n\t\t\t\t\t<\/div>\n\t\t<\/div>\n\t\t\t\t\t<\/div>\n\t\t<\/section>\n\t\t\t\t\t<\/div>\n\t\t<\/div>\n\t\t\t\t\t<\/div>\n\t\t<\/section>\n\t\t\t\t<section class=\"elementor-section elementor-top-section elementor-element elementor-element-d00c31f elementor-section-boxed elementor-section-height-default elementor-section-height-default\" data-id=\"d00c31f\" data-element_type=\"section\" data-e-type=\"section\" data-settings=\"{&quot;_ha_eqh_enable&quot;:false}\">\n\t\t\t\t\t\t<div class=\"elementor-container elementor-column-gap-default\">\n\t\t\t\t\t<div class=\"elementor-column elementor-col-100 elementor-top-column elementor-element elementor-element-ab9a0d9\" data-id=\"ab9a0d9\" data-element_type=\"column\" data-e-type=\"column\">\n\t\t\t<div class=\"elementor-widget-wrap elementor-element-populated\">\n\t\t\t\t\t\t<div class=\"elementor-element elementor-element-8e4b43d elementor-widget elementor-widget-heading\" data-id=\"8e4b43d\" data-element_type=\"widget\" data-e-type=\"widget\" data-widget_type=\"heading.default\">\n\t\t\t\t<div class=\"elementor-widget-container\">\n\t\t\t\t\t<h2 class=\"elementor-heading-title elementor-size-default\">Pourquoi choisir notre stock ?<\/h2>\t\t\t\t<\/div>\n\t\t\t\t<\/div>\n\t\t\t\t<div class=\"elementor-element elementor-element-43ea2c2 elementor-widget elementor-widget-text-editor\" data-id=\"43ea2c2\" data-element_type=\"widget\" data-e-type=\"widget\" data-widget_type=\"text-editor.default\">\n\t\t\t\t<div class=\"elementor-widget-container\">\n\t\t\t\t\t\t\t\t\t<ol>\n<li>\n<p><strong>Qualit\u00e9 et fiabilit\u00e9<\/strong>: Chaque v\u00e9hicule de notre stock a \u00e9t\u00e9 soigneusement inspect\u00e9 et r\u00e9pond \u00e0 nos normes de qualit\u00e9 \u00e9lev\u00e9es. Vous pouvez \u00eatre s\u00fbr d&rsquo;acheter un v\u00e9hicule fiable.<\/p>\n<\/li>\n<li>\n<p><strong>Diversit\u00e9<\/strong>: nous comprenons que des besoins de transport diff\u00e9rents n\u00e9cessitent des v\u00e9hicules diff\u00e9rents. C&rsquo;est pourquoi nous proposons une s\u00e9lection vari\u00e9e pour r\u00e9pondre \u00e0 vos besoins sp\u00e9cifiques.<\/p>\n<\/li>\n<li>\n<p><strong>Transparence<\/strong>: Nous offrons des informations d\u00e9taill\u00e9es sur chaque v\u00e9hicule de notre stock afin que vous puissiez prendre des d\u00e9cisions \u00e9clair\u00e9es.<\/p>\n<\/li>\n<li>\n<p><strong>Conseils d&rsquo;experts<\/strong>: Notre \u00e9quipe est pr\u00eate \u00e0 vous fournir des conseils d&rsquo;experts et \u00e0 r\u00e9pondre \u00e0 toutes vos questions. Nous vous aiderons \u00e0 trouver le v\u00e9hicule qui correspond \u00e0 vos besoins.<\/p>\n<\/li>\n<\/ol>\n\t\t\t\t\t\t\t\t<\/div>\n\t\t\t\t<\/div>\n\t\t\t\t<div class=\"elementor-element elementor-element-5786c82 elementor-widget elementor-widget-heading\" data-id=\"5786c82\" data-element_type=\"widget\" data-e-type=\"widget\" data-widget_type=\"heading.default\">\n\t\t\t\t<div class=\"elementor-widget-container\">\n\t\t\t\t\t<h2 class=\"elementor-heading-title elementor-size-default\">Trouvez votre v\u00e9hicule id\u00e9al<\/h2>\t\t\t\t<\/div>\n\t\t\t\t<\/div>\n\t\t\t\t<div class=\"elementor-element elementor-element-ddaeb9e elementor-widget elementor-widget-text-editor\" data-id=\"ddaeb9e\" data-element_type=\"widget\" data-e-type=\"widget\" data-widget_type=\"text-editor.default\">\n\t\t\t\t<div class=\"elementor-widget-container\">\n\t\t\t\t\t\t\t\t\t<p>Notre fonction de recherche conviviale vous permet de filtrer par marque, type de v\u00e9hicule, gamme de prix et plus encore. Cela vous permet de trouver rapidement et efficacement les v\u00e9hicules qui r\u00e9pondent \u00e0 vos crit\u00e8res. Si vous avez besoin d&rsquo;aide pour trouver le bon v\u00e9hicule, n&rsquo;h\u00e9sitez pas \u00e0 nous contacter. Notre \u00e9quipe est pr\u00eate \u00e0 vous aider dans votre recherche.<\/p>\n<p>Chez Vos Bedrijfswagens, nous croyons qu&rsquo;il est important d&rsquo;offrir choix et qualit\u00e9 \u00e0 nos clients. Notre stock est con\u00e7u pour r\u00e9pondre \u00e0 vos exigences et nous nous engageons \u00e0 vous aider \u00e0 trouver le v\u00e9hicule qui r\u00e9pondra parfaitement \u00e0 vos besoins. Parcourez notre stock et d\u00e9couvrez votre v\u00e9hicule id\u00e9al d\u00e8s aujourd&rsquo;hui.<\/p>\n\t\t\t\t\t\t\t\t<\/div>\n\t\t\t\t<\/div>\n\t\t\t\t\t<\/div>\n\t\t<\/div>\n\t\t\t\t\t<\/div>\n\t\t<\/section>\n\t\t\t\t<section class=\"elementor-section elementor-top-section elementor-element elementor-element-4284423a elementor-reverse-mobile elementor-section-boxed elementor-section-height-default elementor-section-height-default\" data-id=\"4284423a\" data-element_type=\"section\" data-e-type=\"section\" data-settings=\"{&quot;background_background&quot;:&quot;classic&quot;,&quot;_ha_eqh_enable&quot;:false}\">\n\t\t\t\t\t\t<div class=\"elementor-container elementor-column-gap-default\">\n\t\t\t\t\t<div class=\"elementor-column elementor-col-50 elementor-top-column elementor-element elementor-element-456b403d\" data-id=\"456b403d\" data-element_type=\"column\" data-e-type=\"column\">\n\t\t\t<div class=\"elementor-widget-wrap elementor-element-populated\">\n\t\t\t\t\t\t<div class=\"elementor-element elementor-element-79f03fa6 elementor-widget elementor-widget-heading\" data-id=\"79f03fa6\" data-element_type=\"widget\" data-e-type=\"widget\" data-widget_type=\"heading.default\">\n\t\t\t\t<div class=\"elementor-widget-container\">\n\t\t\t\t\t<h2 class=\"elementor-heading-title elementor-size-default\">Besoin d'aide<\/h2>\t\t\t\t<\/div>\n\t\t\t\t<\/div>\n\t\t\t\t<div class=\"elementor-element elementor-element-1024e5a3 elementor-widget elementor-widget-heading\" data-id=\"1024e5a3\" data-element_type=\"widget\" data-e-type=\"widget\" data-widget_type=\"heading.default\">\n\t\t\t\t<div class=\"elementor-widget-container\">\n\t\t\t\t\t<h2 class=\"elementor-heading-title elementor-size-default\">Vous ne trouvez pas la bonne voiture de soci\u00e9t\u00e9 ?<\/h2>\t\t\t\t<\/div>\n\t\t\t\t<\/div>\n\t\t\t\t<div class=\"elementor-element elementor-element-325d597c elementor-widget elementor-widget-text-editor\" data-id=\"325d597c\" data-element_type=\"widget\" data-e-type=\"widget\" data-widget_type=\"text-editor.default\">\n\t\t\t\t<div class=\"elementor-widget-container\">\n\t\t\t\t\t\t\t\t\t<p>Si vous avez besoin d&rsquo;un soutien suppl\u00e9mentaire ou si vous avez des questions sp\u00e9cifiques, n&rsquo;h\u00e9sitez pas \u00e0 nous contacter. Notre \u00e9quipe d&rsquo;experts est \u00e0 votre disposition pour vous aider et vous fournir toutes les informations n\u00e9cessaires. Nous sommes l\u00e0 pour r\u00e9pondre \u00e0 vos questions et vous aider \u00e0 trouver les bonnes solutions pour vos besoins en mati\u00e8re de v\u00e9hicules commerciaux.<\/p>\n\t\t\t\t\t\t\t\t<\/div>\n\t\t\t\t<\/div>\n\t\t\t\t<div class=\"elementor-element elementor-element-7ee75bcb elementor-widget elementor-widget-button\" data-id=\"7ee75bcb\" data-element_type=\"widget\" data-e-type=\"widget\" data-widget_type=\"button.default\">\n\t\t\t\t<div class=\"elementor-widget-container\">\n\t\t\t\t\t\t\t\t\t<div class=\"elementor-button-wrapper\">\n\t\t\t\t\t<a class=\"elementor-button elementor-button-link elementor-size-sm\" href=\"#\">\n\t\t\t\t\t\t<span class=\"elementor-button-content-wrapper\">\n\t\t\t\t\t\t\t\t\t<span class=\"elementor-button-text\">Contacter Peter Vos<\/span>\n\t\t\t\t\t<\/span>\n\t\t\t\t\t<\/a>\n\t\t\t\t<\/div>\n\t\t\t\t\t\t\t\t<\/div>\n\t\t\t\t<\/div>\n\t\t\t\t\t<\/div>\n\t\t<\/div>\n\t\t\t\t<div class=\"elementor-column elementor-col-50 elementor-top-column elementor-element elementor-element-3c64fa31\" data-id=\"3c64fa31\" data-element_type=\"column\" data-e-type=\"column\">\n\t\t\t<div class=\"elementor-widget-wrap elementor-element-populated\">\n\t\t\t\t\t\t\t<\/div>\n\t\t<\/div>\n\t\t\t\t\t<\/div>\n\t\t<\/section>\n\t\t\t\t<\/div>\n\t\t","protected":false},"excerpt":{"rendered":"<p>Stock de v\u00e9hicules commerciaux D\u00e9couvrez notre vaste s\u00e9lection de v\u00e9hicules utilitaires D\u00e9couvrez notre stock V\u00e9hicules utilitaires<\/p>\n","protected":false},"author":1,"featured_media":0,"parent":0,"menu_order":0,"comment_status":"closed","ping_status":"closed","template":"elementor_header_footer","meta":{"footnotes":""},"class_list":["post-1358","page","type-page","status-publish","hentry"],"_links":{"self":[{"href":"https:\/\/www.vosbedrijfswagens.nl\/fr\/wp-json\/wp\/v2\/pages\/1358","targetHints":{"allow":["GET"]}}],"collection":[{"href":"https:\/\/www.vosbedrijfswagens.nl\/fr\/wp-json\/wp\/v2\/pages"}],"about":[{"href":"https:\/\/www.vosbedrijfswagens.nl\/fr\/wp-json\/wp\/v2\/types\/page"}],"author":[{"embeddable":true,"href":"https:\/\/www.vosbedrijfswagens.nl\/fr\/wp-json\/wp\/v2\/users\/1"}],"replies":[{"embeddable":true,"href":"https:\/\/www.vosbedrijfswagens.nl\/fr\/wp-json\/wp\/v2\/comments?post=1358"}],"version-history":[{"count":0,"href":"https:\/\/www.vosbedrijfswagens.nl\/fr\/wp-json\/wp\/v2\/pages\/1358\/revisions"}],"wp:attachment":[{"href":"https:\/\/www.vosbedrijfswagens.nl\/fr\/wp-json\/wp\/v2\/media?parent=1358"}],"curies":[{"name":"wp","href":"https:\/\/api.w.org\/{rel}","templated":true}]}}