{"id":1321,"date":"2024-05-05T11:08:45","date_gmt":"2024-05-05T09:08:45","guid":{"rendered":"https:\/\/www.vosbedrijfswagens.nl\/parque-de-vehiculos-industriales\/"},"modified":"2024-05-05T11:28:53","modified_gmt":"2024-05-05T09:28:53","slug":"parque-de-vehiculos-industriales","status":"publish","type":"page","link":"https:\/\/www.vosbedrijfswagens.nl\/es\/parque-de-vehiculos-industriales\/","title":{"rendered":"Parque de veh\u00edculos industriales"},"content":{"rendered":"\t\t<div data-elementor-type=\"wp-page\" data-elementor-id=\"1321\" class=\"elementor elementor-1321\" data-elementor-settings=\"{&quot;ha_cmc_init_switcher&quot;:&quot;no&quot;}\" data-elementor-post-type=\"page\">\n\t\t\t\t\t\t<section class=\"elementor-section elementor-top-section elementor-element elementor-element-43937e00 elementor-section-height-min-height elementor-section-boxed elementor-section-height-default elementor-section-items-middle\" data-id=\"43937e00\" data-element_type=\"section\" data-e-type=\"section\" data-settings=\"{&quot;background_background&quot;:&quot;classic&quot;,&quot;_ha_eqh_enable&quot;:false}\">\n\t\t\t\t\t\t<div class=\"elementor-container elementor-column-gap-default\">\n\t\t\t\t\t<div class=\"elementor-column elementor-col-100 elementor-top-column elementor-element elementor-element-6d5bfffb\" data-id=\"6d5bfffb\" data-element_type=\"column\" data-e-type=\"column\">\n\t\t\t<div class=\"elementor-widget-wrap elementor-element-populated\">\n\t\t\t\t\t\t<div class=\"elementor-element elementor-element-4f2c14f6 elementor-widget elementor-widget-heading\" data-id=\"4f2c14f6\" data-element_type=\"widget\" data-e-type=\"widget\" data-widget_type=\"heading.default\">\n\t\t\t\t<div class=\"elementor-widget-container\">\n\t\t\t\t\t<h2 class=\"elementor-heading-title elementor-size-default\"><b style=\"color:white;font-weight:900\">Stock de veh\u00edculos comerciales<\/h2>\t\t\t\t<\/div>\n\t\t\t\t<\/div>\n\t\t\t\t<div class=\"elementor-element elementor-element-92f2800 elementor-widget elementor-widget-text-editor\" data-id=\"92f2800\" data-element_type=\"widget\" data-e-type=\"widget\" data-widget_type=\"text-editor.default\">\n\t\t\t\t<div class=\"elementor-widget-container\">\n\t\t\t\t\t\t\t\t\t<p><em>Descubre nuestra amplia selecci\u00f3n de veh\u00edculos comerciales<\/em><\/p>\n\t\t\t\t\t\t\t\t<\/div>\n\t\t\t\t<\/div>\n\t\t\t\t\t<\/div>\n\t\t<\/div>\n\t\t\t\t\t<\/div>\n\t\t<\/section>\n\t\t\t\t<section class=\"elementor-section elementor-top-section elementor-element elementor-element-35af96ae elementor-section-boxed elementor-section-height-default elementor-section-height-default\" data-id=\"35af96ae\" data-element_type=\"section\" data-e-type=\"section\" data-settings=\"{&quot;background_background&quot;:&quot;classic&quot;,&quot;_ha_eqh_enable&quot;:false}\">\n\t\t\t\t\t\t<div class=\"elementor-container elementor-column-gap-default\">\n\t\t\t\t\t<div class=\"elementor-column elementor-col-100 elementor-top-column elementor-element elementor-element-8203678\" data-id=\"8203678\" data-element_type=\"column\" data-e-type=\"column\">\n\t\t\t<div class=\"elementor-widget-wrap elementor-element-populated\">\n\t\t\t\t\t\t<div class=\"elementor-element elementor-element-21bede2d elementor-widget elementor-widget-heading\" data-id=\"21bede2d\" data-element_type=\"widget\" data-e-type=\"widget\" data-widget_type=\"heading.default\">\n\t\t\t\t<div class=\"elementor-widget-container\">\n\t\t\t\t\t<h2 class=\"elementor-heading-title elementor-size-default\">Descubra nuestras existencias<\/h2>\t\t\t\t<\/div>\n\t\t\t\t<\/div>\n\t\t\t\t<div class=\"elementor-element elementor-element-ebd9864 elementor-widget elementor-widget-text-editor\" data-id=\"ebd9864\" data-element_type=\"widget\" data-e-type=\"widget\" data-widget_type=\"text-editor.default\">\n\t\t\t\t<div class=\"elementor-widget-container\">\n\t\t\t\t\t\t\t\t\t<div id=\"svm-canvas\"><\/div>\n<script type=\"text\/javascript\">\n(function(){h=document.getElementsByTagName('head')[0];s=document.createElement('script');\ns.type='text\/javascript';s.src=\"https:\/\/voorraadmodule.nl\/js\/svm.js?t=\"+Date.now();s.onload=function(){\nsvm.saveUrlGetData({key: 'svm_canvas_width', value:document.getElementById('svm-canvas').clientWidth});\nvm=svm.create('d330','https:\/\/voorraadmodule.nl\/',false, {'carousel': false, 'carouselOptions': {'direction': false, 'amount': false}, 'quick_search': false}, 'default');\nvm.init();};h.appendChild(s);})();\n<\/script>\t\t\t\t\t\t\t\t<\/div>\n\t\t\t\t<\/div>\n\t\t\t\t\t<\/div>\n\t\t<\/div>\n\t\t\t\t\t<\/div>\n\t\t<\/section>\n\t\t\t\t<section class=\"elementor-section elementor-top-section elementor-element elementor-element-4a2dc2e3 elementor-section-boxed elementor-section-height-default elementor-section-height-default\" data-id=\"4a2dc2e3\" data-element_type=\"section\" data-e-type=\"section\" data-settings=\"{&quot;background_background&quot;:&quot;classic&quot;,&quot;_ha_eqh_enable&quot;:false}\">\n\t\t\t\t\t\t<div class=\"elementor-container elementor-column-gap-default\">\n\t\t\t\t\t<div class=\"elementor-column elementor-col-100 elementor-top-column elementor-element elementor-element-350e856d\" data-id=\"350e856d\" data-element_type=\"column\" data-e-type=\"column\">\n\t\t\t<div class=\"elementor-widget-wrap elementor-element-populated\">\n\t\t\t\t\t\t<section class=\"elementor-section elementor-inner-section elementor-element elementor-element-4c8f38a6 elementor-section-boxed elementor-section-height-default elementor-section-height-default\" data-id=\"4c8f38a6\" data-element_type=\"section\" data-e-type=\"section\" data-settings=\"{&quot;_ha_eqh_enable&quot;:false}\">\n\t\t\t\t\t\t<div class=\"elementor-container elementor-column-gap-default\">\n\t\t\t\t\t<div class=\"elementor-column elementor-col-50 elementor-inner-column elementor-element elementor-element-1def24f5\" data-id=\"1def24f5\" data-element_type=\"column\" data-e-type=\"column\">\n\t\t\t<div class=\"elementor-widget-wrap elementor-element-populated\">\n\t\t\t\t\t\t<div class=\"elementor-element elementor-element-10caa5e1 elementor-widget elementor-widget-heading\" data-id=\"10caa5e1\" data-element_type=\"widget\" data-e-type=\"widget\" data-widget_type=\"heading.default\">\n\t\t\t\t<div class=\"elementor-widget-container\">\n\t\t\t\t\t<h2 class=\"elementor-heading-title elementor-size-default\"><b>VOS<\/b> Veh\u00edculos Comerciales<\/h2>\t\t\t\t<\/div>\n\t\t\t\t<\/div>\n\t\t\t\t<div class=\"elementor-element elementor-element-32133931 elementor-widget elementor-widget-text-editor\" data-id=\"32133931\" data-element_type=\"widget\" data-e-type=\"widget\" data-widget_type=\"text-editor.default\">\n\t\t\t\t<div class=\"elementor-widget-container\">\n\t\t\t\t\t\t\t\t\t<p>Bienvenido a Vos Bedrijfswagens, su socio de confianza para la compra y venta de camiones usados. Con a\u00f1os de experiencia en el sector del transporte, ofrecemos una amplia gama de servicios y soluciones para satisfacer sus necesidades espec\u00edficas.<\/p>\n\t\t\t\t\t\t\t\t<\/div>\n\t\t\t\t<\/div>\n\t\t\t\t<div class=\"elementor-element elementor-element-59f6e6a elementor-widget elementor-widget-heading\" data-id=\"59f6e6a\" data-element_type=\"widget\" data-e-type=\"widget\" data-widget_type=\"heading.default\">\n\t\t\t\t<div class=\"elementor-widget-container\">\n\t\t\t\t\t<h2 class=\"elementor-heading-title elementor-size-default\">Importaciones y exportaciones\n<\/h2>\t\t\t\t<\/div>\n\t\t\t\t<\/div>\n\t\t\t\t<div class=\"elementor-element elementor-element-684eb571 elementor-widget elementor-widget-text-editor\" data-id=\"684eb571\" data-element_type=\"widget\" data-e-type=\"widget\" data-widget_type=\"text-editor.default\">\n\t\t\t\t<div class=\"elementor-widget-container\">\n\t\t\t\t\t\t\t\t\t<p>Nuestra experiencia traspasa fronteras. Si desea importar, matricular o enviar veh\u00edculos a pr\u00e1cticamente cualquier pa\u00eds del mundo, estamos aqu\u00ed para guiarle. Gracias a nuestros excelentes contactos con diversos puertos europeos, compa\u00f1\u00edas navieras y transitarios, podemos ofrecerle tarifas de transporte mar\u00edtimo muy competitivas. Por s\u00f3lo 150 euros por cami\u00f3n, llevaremos el cami\u00f3n que haya comprado a los puertos de Amberes, Rotterdam o \u00c1msterdam.<\/p>\n\t\t\t\t\t\t\t\t<\/div>\n\t\t\t\t<\/div>\n\t\t\t\t\t<\/div>\n\t\t<\/div>\n\t\t\t\t<div class=\"elementor-column elementor-col-50 elementor-inner-column elementor-element elementor-element-34dd43e8\" data-id=\"34dd43e8\" data-element_type=\"column\" data-e-type=\"column\">\n\t\t\t<div class=\"elementor-widget-wrap elementor-element-populated\">\n\t\t\t\t\t\t<div class=\"elementor-element elementor-element-d4fc60e elementor-widget elementor-widget-heading\" data-id=\"d4fc60e\" data-element_type=\"widget\" data-e-type=\"widget\" data-widget_type=\"heading.default\">\n\t\t\t\t<div class=\"elementor-widget-container\">\n\t\t\t\t\t<h2 class=\"elementor-heading-title elementor-size-default\">Parque de veh\u00edculos industriales<\/h2>\t\t\t\t<\/div>\n\t\t\t\t<\/div>\n\t\t\t\t<div class=\"elementor-element elementor-element-1ab14ced elementor-widget elementor-widget-text-editor\" data-id=\"1ab14ced\" data-element_type=\"widget\" data-e-type=\"widget\" data-widget_type=\"text-editor.default\">\n\t\t\t\t<div class=\"elementor-widget-container\">\n\t\t\t\t\t\t\t\t\t<p>Vea nuestro amplio stock de camiones usados. Ofrecemos una variada selecci\u00f3n de veh\u00edculos que cumplen los m\u00e1s altos est\u00e1ndares de calidad. Tanto si busca camiones, furgonetas o equipos de transporte especiales, en Vos Bedrijfswagens encontrar\u00e1 lo que necesita.<\/p>\n\t\t\t\t\t\t\t\t<\/div>\n\t\t\t\t<\/div>\n\t\t\t\t<div class=\"elementor-element elementor-element-1266cf6 elementor-widget elementor-widget-heading\" data-id=\"1266cf6\" data-element_type=\"widget\" data-e-type=\"widget\" data-widget_type=\"heading.default\">\n\t\t\t\t<div class=\"elementor-widget-container\">\n\t\t\t\t\t<h2 class=\"elementor-heading-title elementor-size-default\">P\u00f3ngase en contacto con<\/h2>\t\t\t\t<\/div>\n\t\t\t\t<\/div>\n\t\t\t\t<div class=\"elementor-element elementor-element-3865832b elementor-widget elementor-widget-text-editor\" data-id=\"3865832b\" data-element_type=\"widget\" data-e-type=\"widget\" data-widget_type=\"text-editor.default\">\n\t\t\t\t<div class=\"elementor-widget-container\">\n\t\t\t\t\t\t\t\t\t<p>\u00bfTiene alguna pregunta o quiere saber m\u00e1s sobre nuestros servicios? P\u00f3ngase en contacto con nosotros y nuestro equipo estar\u00e1 encantado de ayudarle.<\/p>\n<p>Vos Bedrijfswagens Groothandelsweg  <br \/>1c 6515 AH Nimega  <br \/>Oficina: +31 (0) 24 &#8211; 348 29 00  <br \/>Peter Vos: +31 6 41 45 18 28  <br \/>Joop Vos: +31 6 53 36 35 46 E-<br \/>correo electr\u00f3nico: <a href=\"mailto:info@vosbedrijfswagens.nl\" target=\"_new\">info@vosbedrijfswagens.nl<\/a><\/p>\n\t\t\t\t\t\t\t\t<\/div>\n\t\t\t\t<\/div>\n\t\t\t\t\t<\/div>\n\t\t<\/div>\n\t\t\t\t\t<\/div>\n\t\t<\/section>\n\t\t\t\t<section class=\"elementor-section elementor-inner-section elementor-element elementor-element-65355d98 elementor-section-boxed elementor-section-height-default elementor-section-height-default\" data-id=\"65355d98\" data-element_type=\"section\" data-e-type=\"section\" data-settings=\"{&quot;_ha_eqh_enable&quot;:false}\">\n\t\t\t\t\t\t<div class=\"elementor-container elementor-column-gap-default\">\n\t\t\t\t\t<div class=\"elementor-column elementor-col-50 elementor-inner-column elementor-element elementor-element-560cc598\" data-id=\"560cc598\" data-element_type=\"column\" data-e-type=\"column\">\n\t\t\t<div class=\"elementor-widget-wrap elementor-element-populated\">\n\t\t\t\t\t\t<div class=\"elementor-element elementor-element-29a55185 elementor-widget elementor-widget-image\" data-id=\"29a55185\" data-element_type=\"widget\" data-e-type=\"widget\" data-widget_type=\"image.default\">\n\t\t\t\t<div class=\"elementor-widget-container\">\n\t\t\t\t\t\t\t\t\t\t\t\t\t\t\t<img decoding=\"async\" width=\"159\" height=\"209\" src=\"https:\/\/www.vosbedrijfswagens.nl\/wp-content\/uploads\/2023\/06\/Logo-vos-bedrijfswagens-trucks-hoofd-vos-kleur_Tekengebied-1.svg\" class=\"attachment-full size-full wp-image-11\" alt=\"\" title=\"\">\t\t\t\t\t\t\t\t\t\t\t\t\t\t\t<\/div>\n\t\t\t\t<\/div>\n\t\t\t\t\t<\/div>\n\t\t<\/div>\n\t\t\t\t<div class=\"elementor-column elementor-col-50 elementor-inner-column elementor-element elementor-element-6e69f4e3\" data-id=\"6e69f4e3\" data-element_type=\"column\" data-e-type=\"column\">\n\t\t\t<div class=\"elementor-widget-wrap elementor-element-populated\">\n\t\t\t\t\t\t<div class=\"elementor-element elementor-element-3db0fc elementor-widget-divider--view-line elementor-widget elementor-widget-divider\" data-id=\"3db0fc\" data-element_type=\"widget\" data-e-type=\"widget\" data-widget_type=\"divider.default\">\n\t\t\t\t<div class=\"elementor-widget-container\">\n\t\t\t\t\t\t\t<div class=\"elementor-divider\">\n\t\t\t<span class=\"elementor-divider-separator\">\n\t\t\t\t\t\t<\/span>\n\t\t<\/div>\n\t\t\t\t\t\t<\/div>\n\t\t\t\t<\/div>\n\t\t\t\t<div class=\"elementor-element elementor-element-6effe3b1 elementor-icon-list--layout-inline elementor-align-start elementor-list-item-link-full_width elementor-widget elementor-widget-icon-list\" data-id=\"6effe3b1\" data-element_type=\"widget\" data-e-type=\"widget\" data-widget_type=\"icon-list.default\">\n\t\t\t\t<div class=\"elementor-widget-container\">\n\t\t\t\t\t\t\t<ul class=\"elementor-icon-list-items elementor-inline-items\">\n\t\t\t\t\t\t\t<li class=\"elementor-icon-list-item elementor-inline-item\">\n\t\t\t\t\t\t\t\t\t\t\t<span class=\"elementor-icon-list-icon\">\n\t\t\t\t\t\t\t<i aria-hidden=\"true\" class=\"hm hm-info\"><\/i>\t\t\t\t\t\t<\/span>\n\t\t\t\t\t\t\t\t\t\t<span class=\"elementor-icon-list-text\">M\u00e1s informaci\u00f3n sobre VOS Bedrijfwagesn<\/span>\n\t\t\t\t\t\t\t\t\t<\/li>\n\t\t\t\t\t\t\t\t<li class=\"elementor-icon-list-item elementor-inline-item\">\n\t\t\t\t\t\t\t\t\t\t\t<span class=\"elementor-icon-list-icon\">\n\t\t\t\t\t\t\t<i aria-hidden=\"true\" class=\"hm hm-phone\"><\/i>\t\t\t\t\t\t<\/span>\n\t\t\t\t\t\t\t\t\t\t<span class=\"elementor-icon-list-text\"><u>Contacto VOS Veh\u00edculos Comerciales<\/u><\/span>\n\t\t\t\t\t\t\t\t\t<\/li>\n\t\t\t\t\t\t<\/ul>\n\t\t\t\t\t\t<\/div>\n\t\t\t\t<\/div>\n\t\t\t\t\t<\/div>\n\t\t<\/div>\n\t\t\t\t\t<\/div>\n\t\t<\/section>\n\t\t\t\t\t<\/div>\n\t\t<\/div>\n\t\t\t\t\t<\/div>\n\t\t<\/section>\n\t\t\t\t<section class=\"elementor-section elementor-top-section elementor-element elementor-element-d00c31f elementor-section-boxed elementor-section-height-default elementor-section-height-default\" data-id=\"d00c31f\" data-element_type=\"section\" data-e-type=\"section\" data-settings=\"{&quot;_ha_eqh_enable&quot;:false}\">\n\t\t\t\t\t\t<div class=\"elementor-container elementor-column-gap-default\">\n\t\t\t\t\t<div class=\"elementor-column elementor-col-100 elementor-top-column elementor-element elementor-element-ab9a0d9\" data-id=\"ab9a0d9\" data-element_type=\"column\" data-e-type=\"column\">\n\t\t\t<div class=\"elementor-widget-wrap elementor-element-populated\">\n\t\t\t\t\t\t<div class=\"elementor-element elementor-element-8e4b43d elementor-widget elementor-widget-heading\" data-id=\"8e4b43d\" data-element_type=\"widget\" data-e-type=\"widget\" data-widget_type=\"heading.default\">\n\t\t\t\t<div class=\"elementor-widget-container\">\n\t\t\t\t\t<h2 class=\"elementor-heading-title elementor-size-default\">\u00bfPor qu\u00e9 elegir nuestras existencias?<\/h2>\t\t\t\t<\/div>\n\t\t\t\t<\/div>\n\t\t\t\t<div class=\"elementor-element elementor-element-43ea2c2 elementor-widget elementor-widget-text-editor\" data-id=\"43ea2c2\" data-element_type=\"widget\" data-e-type=\"widget\" data-widget_type=\"text-editor.default\">\n\t\t\t\t<div class=\"elementor-widget-container\">\n\t\t\t\t\t\t\t\t\t<ol>\n<li>\n<p><strong>Calidad y fiabilidad<\/strong>: Cada veh\u00edculo de nuestro stock ha sido cuidadosamente inspeccionado y cumple con nuestros altos est\u00e1ndares de calidad. Puede estar seguro de que est\u00e1 comprando un veh\u00edculo fiable.<\/p>\n<\/li>\n<li>\n<p><strong>Diversidad<\/strong>: Entendemos que las distintas necesidades de transporte requieren veh\u00edculos diferentes. Por lo tanto, ofrecemos una selecci\u00f3n variada para satisfacer sus requisitos espec\u00edficos.<\/p>\n<\/li>\n<li>\n<p><strong>Transparencia<\/strong>: Ofrecemos informaci\u00f3n detallada sobre cada veh\u00edculo de nuestro stock para que pueda tomar decisiones con conocimiento de causa.<\/p>\n<\/li>\n<li>\n<p>Asesoramiento <strong>experto<\/strong>: Nuestro equipo est\u00e1 preparado para ofrecerle asesoramiento experto y responder a todas sus preguntas. Le ayudaremos a encontrar el veh\u00edculo adecuado a sus necesidades.<\/p>\n<\/li>\n<\/ol>\n\t\t\t\t\t\t\t\t<\/div>\n\t\t\t\t<\/div>\n\t\t\t\t<div class=\"elementor-element elementor-element-5786c82 elementor-widget elementor-widget-heading\" data-id=\"5786c82\" data-element_type=\"widget\" data-e-type=\"widget\" data-widget_type=\"heading.default\">\n\t\t\t\t<div class=\"elementor-widget-container\">\n\t\t\t\t\t<h2 class=\"elementor-heading-title elementor-size-default\">Encuentre su veh\u00edculo ideal<\/h2>\t\t\t\t<\/div>\n\t\t\t\t<\/div>\n\t\t\t\t<div class=\"elementor-element elementor-element-ddaeb9e elementor-widget elementor-widget-text-editor\" data-id=\"ddaeb9e\" data-element_type=\"widget\" data-e-type=\"widget\" data-widget_type=\"text-editor.default\">\n\t\t\t\t<div class=\"elementor-widget-container\">\n\t\t\t\t\t\t\t\t\t<p>Nuestra sencilla funci\u00f3n de b\u00fasqueda le permite filtrar por marca, tipo de veh\u00edculo, rango de precios y mucho m\u00e1s. Esto le permite encontrar de forma r\u00e1pida y eficaz los veh\u00edculos que se ajustan a sus criterios. Si necesita ayuda para encontrar el veh\u00edculo adecuado, no dude en ponerse en contacto con nosotros. Nuestro equipo est\u00e1 preparado para ayudarle en su b\u00fasqueda.<\/p>\n<p>En Vos Bedrijfswagens, creemos en ofrecer opciones y calidad a nuestros clientes. Nuestro stock est\u00e1 dise\u00f1ado para satisfacer sus necesidades, y nos comprometemos a ayudarle a encontrar el veh\u00edculo que se adapte perfectamente a sus necesidades. Navegue por nuestro stock y descubra su veh\u00edculo ideal hoy mismo.<\/p>\n\t\t\t\t\t\t\t\t<\/div>\n\t\t\t\t<\/div>\n\t\t\t\t\t<\/div>\n\t\t<\/div>\n\t\t\t\t\t<\/div>\n\t\t<\/section>\n\t\t\t\t<section class=\"elementor-section elementor-top-section elementor-element elementor-element-4284423a elementor-reverse-mobile elementor-section-boxed elementor-section-height-default elementor-section-height-default\" data-id=\"4284423a\" data-element_type=\"section\" data-e-type=\"section\" data-settings=\"{&quot;background_background&quot;:&quot;classic&quot;,&quot;_ha_eqh_enable&quot;:false}\">\n\t\t\t\t\t\t<div class=\"elementor-container elementor-column-gap-default\">\n\t\t\t\t\t<div class=\"elementor-column elementor-col-50 elementor-top-column elementor-element elementor-element-456b403d\" data-id=\"456b403d\" data-element_type=\"column\" data-e-type=\"column\">\n\t\t\t<div class=\"elementor-widget-wrap elementor-element-populated\">\n\t\t\t\t\t\t<div class=\"elementor-element elementor-element-79f03fa6 elementor-widget elementor-widget-heading\" data-id=\"79f03fa6\" data-element_type=\"widget\" data-e-type=\"widget\" data-widget_type=\"heading.default\">\n\t\t\t\t<div class=\"elementor-widget-container\">\n\t\t\t\t\t<h2 class=\"elementor-heading-title elementor-size-default\">Ayuda necesaria<\/h2>\t\t\t\t<\/div>\n\t\t\t\t<\/div>\n\t\t\t\t<div class=\"elementor-element elementor-element-1024e5a3 elementor-widget elementor-widget-heading\" data-id=\"1024e5a3\" data-element_type=\"widget\" data-e-type=\"widget\" data-widget_type=\"heading.default\">\n\t\t\t\t<div class=\"elementor-widget-container\">\n\t\t\t\t\t<h2 class=\"elementor-heading-title elementor-size-default\">\u00bfNo encuentra el coche de empresa adecuado?<\/h2>\t\t\t\t<\/div>\n\t\t\t\t<\/div>\n\t\t\t\t<div class=\"elementor-element elementor-element-325d597c elementor-widget elementor-widget-text-editor\" data-id=\"325d597c\" data-element_type=\"widget\" data-e-type=\"widget\" data-widget_type=\"text-editor.default\">\n\t\t\t\t<div class=\"elementor-widget-container\">\n\t\t\t\t\t\t\t\t\t<p>Si necesita ayuda adicional o tiene preguntas concretas, no dude en ponerse en contacto con nosotros. Nuestro equipo de expertos est\u00e1 a su disposici\u00f3n para ayudarle y facilitarle toda la informaci\u00f3n necesaria. Estamos aqu\u00ed para responder a sus preguntas y ayudarle a encontrar las soluciones adecuadas para sus necesidades de veh\u00edculos comerciales.<\/p>\n\t\t\t\t\t\t\t\t<\/div>\n\t\t\t\t<\/div>\n\t\t\t\t<div class=\"elementor-element elementor-element-7ee75bcb elementor-widget elementor-widget-button\" data-id=\"7ee75bcb\" data-element_type=\"widget\" data-e-type=\"widget\" data-widget_type=\"button.default\">\n\t\t\t\t<div class=\"elementor-widget-container\">\n\t\t\t\t\t\t\t\t\t<div class=\"elementor-button-wrapper\">\n\t\t\t\t\t<a class=\"elementor-button elementor-button-link elementor-size-sm\" href=\"#\">\n\t\t\t\t\t\t<span class=\"elementor-button-content-wrapper\">\n\t\t\t\t\t\t\t\t\t<span class=\"elementor-button-text\">Contacto Peter Vos<\/span>\n\t\t\t\t\t<\/span>\n\t\t\t\t\t<\/a>\n\t\t\t\t<\/div>\n\t\t\t\t\t\t\t\t<\/div>\n\t\t\t\t<\/div>\n\t\t\t\t\t<\/div>\n\t\t<\/div>\n\t\t\t\t<div class=\"elementor-column elementor-col-50 elementor-top-column elementor-element elementor-element-3c64fa31\" data-id=\"3c64fa31\" data-element_type=\"column\" data-e-type=\"column\">\n\t\t\t<div class=\"elementor-widget-wrap elementor-element-populated\">\n\t\t\t\t\t\t\t<\/div>\n\t\t<\/div>\n\t\t\t\t\t<\/div>\n\t\t<\/section>\n\t\t\t\t<\/div>\n\t\t","protected":false},"excerpt":{"rendered":"<p>Stock de veh\u00edculos comerciales Descubre nuestra amplia selecci\u00f3n de veh\u00edculos comerciales Descubra nuestras existencias<\/p>\n","protected":false},"author":1,"featured_media":0,"parent":0,"menu_order":0,"comment_status":"closed","ping_status":"closed","template":"elementor_header_footer","meta":{"footnotes":""},"class_list":["post-1321","page","type-page","status-publish","hentry"],"_links":{"self":[{"href":"https:\/\/www.vosbedrijfswagens.nl\/es\/wp-json\/wp\/v2\/pages\/1321","targetHints":{"allow":["GET"]}}],"collection":[{"href":"https:\/\/www.vosbedrijfswagens.nl\/es\/wp-json\/wp\/v2\/pages"}],"about":[{"href":"https:\/\/www.vosbedrijfswagens.nl\/es\/wp-json\/wp\/v2\/types\/page"}],"author":[{"embeddable":true,"href":"https:\/\/www.vosbedrijfswagens.nl\/es\/wp-json\/wp\/v2\/users\/1"}],"replies":[{"embeddable":true,"href":"https:\/\/www.vosbedrijfswagens.nl\/es\/wp-json\/wp\/v2\/comments?post=1321"}],"version-history":[{"count":0,"href":"https:\/\/www.vosbedrijfswagens.nl\/es\/wp-json\/wp\/v2\/pages\/1321\/revisions"}],"wp:attachment":[{"href":"https:\/\/www.vosbedrijfswagens.nl\/es\/wp-json\/wp\/v2\/media?parent=1321"}],"curies":[{"name":"wp","href":"https:\/\/api.w.org\/{rel}","templated":true}]}}