{"id":1017,"date":"2023-07-04T08:09:38","date_gmt":"2023-07-04T06:09:38","guid":{"rendered":"https:\/\/www.vosbedrijfswagens.nl\/adquisiciones\/"},"modified":"2024-05-04T19:13:00","modified_gmt":"2024-05-04T17:13:00","slug":"adquisiciones","status":"publish","type":"page","link":"https:\/\/www.vosbedrijfswagens.nl\/es\/adquisiciones\/","title":{"rendered":"Adquisiciones"},"content":{"rendered":"\t\t<div data-elementor-type=\"wp-page\" data-elementor-id=\"1017\" class=\"elementor elementor-1017\" data-elementor-settings=\"{&quot;ha_cmc_init_switcher&quot;:&quot;no&quot;}\" data-elementor-post-type=\"page\">\n\t\t\t\t\t\t<section class=\"elementor-section elementor-top-section elementor-element elementor-element-417d40fe elementor-section-height-min-height elementor-section-boxed elementor-section-height-default elementor-section-items-middle\" data-id=\"417d40fe\" data-element_type=\"section\" data-e-type=\"section\" data-settings=\"{&quot;background_background&quot;:&quot;classic&quot;,&quot;_ha_eqh_enable&quot;:false}\">\n\t\t\t\t\t\t<div class=\"elementor-container elementor-column-gap-default\">\n\t\t\t\t\t<div class=\"elementor-column elementor-col-100 elementor-top-column elementor-element elementor-element-19a598aa\" data-id=\"19a598aa\" data-element_type=\"column\" data-e-type=\"column\">\n\t\t\t<div class=\"elementor-widget-wrap elementor-element-populated\">\n\t\t\t\t\t\t<div class=\"elementor-element elementor-element-25d6bbc2 elementor-widget elementor-widget-heading\" data-id=\"25d6bbc2\" data-element_type=\"widget\" data-e-type=\"widget\" data-widget_type=\"heading.default\">\n\t\t\t\t<div class=\"elementor-widget-container\">\n\t\t\t\t\t<h2 class=\"elementor-heading-title elementor-size-default\"><b style=\"color:white;font-weight:900\">Adquisiciones<\/h2>\t\t\t\t<\/div>\n\t\t\t\t<\/div>\n\t\t\t\t<div class=\"elementor-element elementor-element-0528c69 elementor-widget elementor-widget-text-editor\" data-id=\"0528c69\" data-element_type=\"widget\" data-e-type=\"widget\" data-widget_type=\"text-editor.default\">\n\t\t\t\t<div class=\"elementor-widget-container\">\n\t\t\t\t\t\t\t\t\t<p>Su socio de confianza para la venta de camiones usados<\/p>\n\t\t\t\t\t\t\t\t<\/div>\n\t\t\t\t<\/div>\n\t\t\t\t\t<\/div>\n\t\t<\/div>\n\t\t\t\t\t<\/div>\n\t\t<\/section>\n\t\t\t\t<section class=\"elementor-section elementor-top-section elementor-element elementor-element-1c44aa6c elementor-section-boxed elementor-section-height-default elementor-section-height-default\" data-id=\"1c44aa6c\" data-element_type=\"section\" data-e-type=\"section\" data-settings=\"{&quot;background_background&quot;:&quot;classic&quot;,&quot;_ha_eqh_enable&quot;:false}\">\n\t\t\t\t\t\t<div class=\"elementor-container elementor-column-gap-default\">\n\t\t\t\t\t<div class=\"elementor-column elementor-col-100 elementor-top-column elementor-element elementor-element-7743128d\" data-id=\"7743128d\" data-element_type=\"column\" data-e-type=\"column\">\n\t\t\t<div class=\"elementor-widget-wrap elementor-element-populated\">\n\t\t\t\t\t\t<div class=\"elementor-element elementor-element-76b93127 elementor-widget elementor-widget-heading\" data-id=\"76b93127\" data-element_type=\"widget\" data-e-type=\"widget\" data-widget_type=\"heading.default\">\n\t\t\t\t<div class=\"elementor-widget-container\">\n\t\t\t\t\t<h2 class=\"elementor-heading-title elementor-size-default\">Por qu\u00e9 Vos Bedrijfswagens<\/h2>\t\t\t\t<\/div>\n\t\t\t\t<\/div>\n\t\t\t\t<div class=\"elementor-element elementor-element-2e6060f2 elementor-widget elementor-widget-text-editor\" data-id=\"2e6060f2\" data-element_type=\"widget\" data-e-type=\"widget\" data-widget_type=\"text-editor.default\">\n\t\t\t\t<div class=\"elementor-widget-container\">\n\t\t\t\t\t\t\t\t\t<ol>\n<li>\n<p><strong>Experiencia y conocimientos<\/strong>: Con a\u00f1os de experiencia en el sector del transporte, comprendemos el valor de los veh\u00edculos de calidad. Tenemos los conocimientos y la experiencia para valorar sus camiones.<\/p>\n<\/li>\n<li>\n<p><strong>Sencillo y eficaz<\/strong>: nuestro proceso de contrataci\u00f3n es sencillo y eficaz. Nos tomamos el tiempo para inspeccionar cuidadosamente sus veh\u00edculos y ofrecer una oferta justa r\u00e1pidamente.<\/p>\n<\/li>\n<li>\n<p><strong>Transacciones r\u00e1pidas<\/strong>: Entendemos que el tiempo es oro. Una vez que llegamos a un acuerdo, nuestro objetivo es realizar transacciones r\u00e1pidas para que pueda obtener los fondos que necesita r\u00e1pidamente.<\/p>\n<\/li>\n<li>\n<p><strong>Socio fiable<\/strong>: Vos Bedrijfswagens es un nombre fiable en el sector. Puede estar seguro de que est\u00e1 haciendo negocios con un socio honesto y profesional.<\/p>\n<\/li>\n<\/ol>\n\t\t\t\t\t\t\t\t<\/div>\n\t\t\t\t<\/div>\n\t\t\t\t<div class=\"elementor-element elementor-element-29b188b elementor-widget elementor-widget-image\" data-id=\"29b188b\" data-element_type=\"widget\" data-e-type=\"widget\" data-widget_type=\"image.default\">\n\t\t\t\t<div class=\"elementor-widget-container\">\n\t\t\t\t\t\t\t\t\t\t\t\t\t\t\t<img fetchpriority=\"high\" decoding=\"async\" width=\"1387\" height=\"732\" src=\"https:\/\/www.vosbedrijfswagens.nl\/wp-content\/uploads\/2023\/12\/Vos-bedrijfwagens.jpg\" class=\"attachment-full size-full wp-image-872\" alt=\"\" srcset=\"https:\/\/www.vosbedrijfswagens.nl\/wp-content\/uploads\/2023\/12\/Vos-bedrijfwagens.jpg 1387w, https:\/\/www.vosbedrijfswagens.nl\/wp-content\/uploads\/2023\/12\/Vos-bedrijfwagens-300x158.jpg 300w, https:\/\/www.vosbedrijfswagens.nl\/wp-content\/uploads\/2023\/12\/Vos-bedrijfwagens-1024x540.jpg 1024w, https:\/\/www.vosbedrijfswagens.nl\/wp-content\/uploads\/2023\/12\/Vos-bedrijfwagens-768x405.jpg 768w\" sizes=\"(max-width: 1387px) 100vw, 1387px\" title=\"\">\t\t\t\t\t\t\t\t\t\t\t\t\t\t\t<\/div>\n\t\t\t\t<\/div>\n\t\t\t\t<div class=\"elementor-element elementor-element-74d3e8b0 elementor-widget elementor-widget-heading\" data-id=\"74d3e8b0\" data-element_type=\"widget\" data-e-type=\"widget\" data-widget_type=\"heading.default\">\n\t\t\t\t<div class=\"elementor-widget-container\">\n\t\t\t\t\t<h2 class=\"elementor-heading-title elementor-size-default\">\u00bfC\u00f3mo funciona?<\/h2>\t\t\t\t<\/div>\n\t\t\t\t<\/div>\n\t\t\t\t<div class=\"elementor-element elementor-element-1cc1674 elementor-widget elementor-widget-text-editor\" data-id=\"1cc1674\" data-element_type=\"widget\" data-e-type=\"widget\" data-widget_type=\"text-editor.default\">\n\t\t\t\t<div class=\"elementor-widget-container\">\n\t\t\t\t\t\t\t\t\t<ol>\n<li>\n<p><strong>Contacto<\/strong>: P\u00f3ngase en contacto con nosotros por tel\u00e9fono o correo electr\u00f3nico para ofrecer sus veh\u00edculos. Le preguntaremos por las especificaciones y el estado de los camiones.<\/p>\n<\/li>\n<li>\n<p><strong>Inspecci\u00f3n y tasaci\u00f3n<\/strong>: Nuestro equipo concertar\u00e1 una cita para inspeccionar los veh\u00edculos. Evaluaremos cuidadosamente el estado y las especificaciones y le ofreceremos una valoraci\u00f3n justa.<\/p>\n<\/li>\n<li>\n<p><strong>Oferta y acuerdo<\/strong>: Tras la inspecci\u00f3n, le haremos una oferta por sus camiones. Si acepta nuestra oferta, tomaremos otras medidas para completar la transacci\u00f3n.<\/p>\n<\/li>\n<li>\n<p>Pago y <strong>liquidaci\u00f3n r\u00e1pidos<\/strong>: Nuestro objetivo es el pago y la liquidaci\u00f3n r\u00e1pidos, para que puedas obtener los fondos r\u00e1pidamente.<\/p>\n<\/li>\n<\/ol>\n\t\t\t\t\t\t\t\t<\/div>\n\t\t\t\t<\/div>\n\t\t\t\t<div class=\"elementor-element elementor-element-4f5e9047 elementor-widget elementor-widget-text-editor\" data-id=\"4f5e9047\" data-element_type=\"widget\" data-e-type=\"widget\" data-widget_type=\"text-editor.default\">\n\t\t\t\t<div class=\"elementor-widget-container\">\n\t\t\t\t\t\t\t\t\t<p>En Vos Bedrijfswagens sabemos que cada operaci\u00f3n de compra es \u00fanica. Nuestro equipo est\u00e1 preparado para trabajar con usted y adaptar la experiencia de contrataci\u00f3n a sus necesidades. Si est\u00e1 interesado en vender sus camiones usados, no dude en ponerse en contacto con nosotros. Estamos aqu\u00ed para responder a sus preguntas y ayudarle en el proceso. Juntos, podemos garantizar una operaci\u00f3n de contrataci\u00f3n transparente y sin problemas.<\/p>\n\t\t\t\t\t\t\t\t<\/div>\n\t\t\t\t<\/div>\n\t\t\t\t\t<\/div>\n\t\t<\/div>\n\t\t\t\t\t<\/div>\n\t\t<\/section>\n\t\t\t\t<section class=\"elementor-section elementor-top-section elementor-element elementor-element-054a7aa elementor-section-boxed elementor-section-height-default elementor-section-height-default\" data-id=\"054a7aa\" data-element_type=\"section\" data-e-type=\"section\" data-settings=\"{&quot;background_background&quot;:&quot;classic&quot;,&quot;_ha_eqh_enable&quot;:false}\">\n\t\t\t\t\t\t<div class=\"elementor-container elementor-column-gap-default\">\n\t\t\t\t\t<div class=\"elementor-column elementor-col-100 elementor-top-column elementor-element elementor-element-88c8e41\" data-id=\"88c8e41\" data-element_type=\"column\" data-e-type=\"column\">\n\t\t\t<div class=\"elementor-widget-wrap elementor-element-populated\">\n\t\t\t\t\t\t<section class=\"elementor-section elementor-inner-section elementor-element elementor-element-4b70d66 elementor-section-boxed elementor-section-height-default elementor-section-height-default\" data-id=\"4b70d66\" data-element_type=\"section\" data-e-type=\"section\" data-settings=\"{&quot;_ha_eqh_enable&quot;:false}\">\n\t\t\t\t\t\t<div class=\"elementor-container elementor-column-gap-default\">\n\t\t\t\t\t<div class=\"elementor-column elementor-col-50 elementor-inner-column elementor-element elementor-element-cb66479\" data-id=\"cb66479\" data-element_type=\"column\" data-e-type=\"column\">\n\t\t\t<div class=\"elementor-widget-wrap elementor-element-populated\">\n\t\t\t\t\t\t<div class=\"elementor-element elementor-element-2d1026e elementor-widget elementor-widget-heading\" data-id=\"2d1026e\" data-element_type=\"widget\" data-e-type=\"widget\" data-widget_type=\"heading.default\">\n\t\t\t\t<div class=\"elementor-widget-container\">\n\t\t\t\t\t<h2 class=\"elementor-heading-title elementor-size-default\"><b>VOS<\/b> Veh\u00edculos Comerciales<\/h2>\t\t\t\t<\/div>\n\t\t\t\t<\/div>\n\t\t\t\t<div class=\"elementor-element elementor-element-54d525d elementor-widget elementor-widget-text-editor\" data-id=\"54d525d\" data-element_type=\"widget\" data-e-type=\"widget\" data-widget_type=\"text-editor.default\">\n\t\t\t\t<div class=\"elementor-widget-container\">\n\t\t\t\t\t\t\t\t\t<p>Bienvenido a Vos Bedrijfswagens, su socio de confianza para la compra y venta de camiones usados. Con a\u00f1os de experiencia en el sector del transporte, ofrecemos una amplia gama de servicios y soluciones para satisfacer sus necesidades espec\u00edficas.<\/p>\n\t\t\t\t\t\t\t\t<\/div>\n\t\t\t\t<\/div>\n\t\t\t\t<div class=\"elementor-element elementor-element-8d80686 elementor-widget elementor-widget-heading\" data-id=\"8d80686\" data-element_type=\"widget\" data-e-type=\"widget\" data-widget_type=\"heading.default\">\n\t\t\t\t<div class=\"elementor-widget-container\">\n\t\t\t\t\t<h2 class=\"elementor-heading-title elementor-size-default\">Importaciones y exportaciones\n<\/h2>\t\t\t\t<\/div>\n\t\t\t\t<\/div>\n\t\t\t\t<div class=\"elementor-element elementor-element-4021b42 elementor-widget elementor-widget-text-editor\" data-id=\"4021b42\" data-element_type=\"widget\" data-e-type=\"widget\" data-widget_type=\"text-editor.default\">\n\t\t\t\t<div class=\"elementor-widget-container\">\n\t\t\t\t\t\t\t\t\t<p>Nuestra experiencia traspasa fronteras. Si desea importar, matricular o enviar veh\u00edculos a pr\u00e1cticamente cualquier pa\u00eds del mundo, estamos aqu\u00ed para guiarle. Gracias a nuestros excelentes contactos con diversos puertos europeos, compa\u00f1\u00edas navieras y transitarios, podemos ofrecerle tarifas de transporte mar\u00edtimo muy competitivas. Por s\u00f3lo 150 euros por cami\u00f3n, llevaremos el cami\u00f3n que haya comprado a los puertos de Amberes, Rotterdam o \u00c1msterdam.<\/p>\n\t\t\t\t\t\t\t\t<\/div>\n\t\t\t\t<\/div>\n\t\t\t\t\t<\/div>\n\t\t<\/div>\n\t\t\t\t<div class=\"elementor-column elementor-col-50 elementor-inner-column elementor-element elementor-element-3e7c685\" data-id=\"3e7c685\" data-element_type=\"column\" data-e-type=\"column\">\n\t\t\t<div class=\"elementor-widget-wrap elementor-element-populated\">\n\t\t\t\t\t\t<div class=\"elementor-element elementor-element-725a779 elementor-widget elementor-widget-heading\" data-id=\"725a779\" data-element_type=\"widget\" data-e-type=\"widget\" data-widget_type=\"heading.default\">\n\t\t\t\t<div class=\"elementor-widget-container\">\n\t\t\t\t\t<h2 class=\"elementor-heading-title elementor-size-default\">Parque de veh\u00edculos industriales<\/h2>\t\t\t\t<\/div>\n\t\t\t\t<\/div>\n\t\t\t\t<div class=\"elementor-element elementor-element-852f30d elementor-widget elementor-widget-text-editor\" data-id=\"852f30d\" data-element_type=\"widget\" data-e-type=\"widget\" data-widget_type=\"text-editor.default\">\n\t\t\t\t<div class=\"elementor-widget-container\">\n\t\t\t\t\t\t\t\t\t<p>Vea nuestro amplio stock de camiones usados. Ofrecemos una variada selecci\u00f3n de veh\u00edculos que cumplen los m\u00e1s altos est\u00e1ndares de calidad. Tanto si busca camiones, furgonetas o equipos de transporte especiales, en Vos Bedrijfswagens encontrar\u00e1 lo que necesita.<\/p>\n\t\t\t\t\t\t\t\t<\/div>\n\t\t\t\t<\/div>\n\t\t\t\t<div class=\"elementor-element elementor-element-e4c028c elementor-widget elementor-widget-heading\" data-id=\"e4c028c\" data-element_type=\"widget\" data-e-type=\"widget\" data-widget_type=\"heading.default\">\n\t\t\t\t<div class=\"elementor-widget-container\">\n\t\t\t\t\t<h2 class=\"elementor-heading-title elementor-size-default\">P\u00f3ngase en contacto con<\/h2>\t\t\t\t<\/div>\n\t\t\t\t<\/div>\n\t\t\t\t<div class=\"elementor-element elementor-element-f8d3447 elementor-widget elementor-widget-text-editor\" data-id=\"f8d3447\" data-element_type=\"widget\" data-e-type=\"widget\" data-widget_type=\"text-editor.default\">\n\t\t\t\t<div class=\"elementor-widget-container\">\n\t\t\t\t\t\t\t\t\t<p>\u00bfTiene alguna pregunta o quiere saber m\u00e1s sobre nuestros servicios? P\u00f3ngase en contacto con nosotros y nuestro equipo estar\u00e1 encantado de ayudarle.<\/p>\n<p>Vos Veh\u00edculos Comerciales<br \/>Venta al por mayor carretera 1c<br \/>6515 AH Nimega<br \/>Oficina: +31 (0) 24 &#8211; 348 29 00<br \/>Peter Vos: +31 6 41 45 18 28<br \/>Joop Vos: +31 6 53 36 35 46<br \/>Correo electr\u00f3nico: <a href=\"mailto:info@vosbedrijfswagens.nl\" target=\"_new\">info@vosbedrijfswagens.nl<\/a><\/p>\n\t\t\t\t\t\t\t\t<\/div>\n\t\t\t\t<\/div>\n\t\t\t\t\t<\/div>\n\t\t<\/div>\n\t\t\t\t\t<\/div>\n\t\t<\/section>\n\t\t\t\t<section class=\"elementor-section elementor-inner-section elementor-element elementor-element-64e5f5a elementor-section-boxed elementor-section-height-default elementor-section-height-default\" data-id=\"64e5f5a\" data-element_type=\"section\" data-e-type=\"section\" data-settings=\"{&quot;_ha_eqh_enable&quot;:false}\">\n\t\t\t\t\t\t<div class=\"elementor-container elementor-column-gap-default\">\n\t\t\t\t\t<div class=\"elementor-column elementor-col-50 elementor-inner-column elementor-element elementor-element-f3d49a5\" data-id=\"f3d49a5\" data-element_type=\"column\" data-e-type=\"column\">\n\t\t\t<div class=\"elementor-widget-wrap elementor-element-populated\">\n\t\t\t\t\t\t<div class=\"elementor-element elementor-element-9c7c046 elementor-widget elementor-widget-image\" data-id=\"9c7c046\" data-element_type=\"widget\" data-e-type=\"widget\" data-widget_type=\"image.default\">\n\t\t\t\t<div class=\"elementor-widget-container\">\n\t\t\t\t\t\t\t\t\t\t\t\t\t\t\t<img decoding=\"async\" width=\"159\" height=\"209\" src=\"https:\/\/www.vosbedrijfswagens.nl\/wp-content\/uploads\/2023\/06\/Logo-vos-bedrijfswagens-trucks-hoofd-vos-kleur_Tekengebied-1.svg\" class=\"attachment-full size-full wp-image-11\" alt=\"\" title=\"\">\t\t\t\t\t\t\t\t\t\t\t\t\t\t\t<\/div>\n\t\t\t\t<\/div>\n\t\t\t\t\t<\/div>\n\t\t<\/div>\n\t\t\t\t<div class=\"elementor-column elementor-col-50 elementor-inner-column elementor-element elementor-element-67051c2\" data-id=\"67051c2\" data-element_type=\"column\" data-e-type=\"column\">\n\t\t\t<div class=\"elementor-widget-wrap elementor-element-populated\">\n\t\t\t\t\t\t<div class=\"elementor-element elementor-element-d8d0561 elementor-widget-divider--view-line elementor-widget elementor-widget-divider\" data-id=\"d8d0561\" data-element_type=\"widget\" data-e-type=\"widget\" data-widget_type=\"divider.default\">\n\t\t\t\t<div class=\"elementor-widget-container\">\n\t\t\t\t\t\t\t<div class=\"elementor-divider\">\n\t\t\t<span class=\"elementor-divider-separator\">\n\t\t\t\t\t\t<\/span>\n\t\t<\/div>\n\t\t\t\t\t\t<\/div>\n\t\t\t\t<\/div>\n\t\t\t\t<div class=\"elementor-element elementor-element-5329d6f elementor-icon-list--layout-inline elementor-align-start elementor-list-item-link-full_width elementor-widget elementor-widget-icon-list\" data-id=\"5329d6f\" data-element_type=\"widget\" data-e-type=\"widget\" data-widget_type=\"icon-list.default\">\n\t\t\t\t<div class=\"elementor-widget-container\">\n\t\t\t\t\t\t\t<ul class=\"elementor-icon-list-items elementor-inline-items\">\n\t\t\t\t\t\t\t<li class=\"elementor-icon-list-item elementor-inline-item\">\n\t\t\t\t\t\t\t\t\t\t\t<a href=\"https:\/\/www.vosbedrijfswagens.nl\/over-ons\/\">\n\n\t\t\t\t\t\t\t\t\t\t\t\t<span class=\"elementor-icon-list-icon\">\n\t\t\t\t\t\t\t<i aria-hidden=\"true\" class=\"hm hm-info\"><\/i>\t\t\t\t\t\t<\/span>\n\t\t\t\t\t\t\t\t\t\t<span class=\"elementor-icon-list-text\">M\u00e1s informaci\u00f3n sobre VOS Bedrijfwagesn<\/span>\n\t\t\t\t\t\t\t\t\t\t\t<\/a>\n\t\t\t\t\t\t\t\t\t<\/li>\n\t\t\t\t\t\t\t\t<li class=\"elementor-icon-list-item elementor-inline-item\">\n\t\t\t\t\t\t\t\t\t\t\t<a href=\"mailto:info@vosbedrijfswagens.nl\">\n\n\t\t\t\t\t\t\t\t\t\t\t\t<span class=\"elementor-icon-list-icon\">\n\t\t\t\t\t\t\t<i aria-hidden=\"true\" class=\"hm hm-phone\"><\/i>\t\t\t\t\t\t<\/span>\n\t\t\t\t\t\t\t\t\t\t<span class=\"elementor-icon-list-text\"><u>Contacto VOS Veh\u00edculos Comerciales<\/u><\/span>\n\t\t\t\t\t\t\t\t\t\t\t<\/a>\n\t\t\t\t\t\t\t\t\t<\/li>\n\t\t\t\t\t\t<\/ul>\n\t\t\t\t\t\t<\/div>\n\t\t\t\t<\/div>\n\t\t\t\t\t<\/div>\n\t\t<\/div>\n\t\t\t\t\t<\/div>\n\t\t<\/section>\n\t\t\t\t\t<\/div>\n\t\t<\/div>\n\t\t\t\t\t<\/div>\n\t\t<\/section>\n\t\t\t\t<section class=\"elementor-section elementor-top-section elementor-element elementor-element-e4ccefc elementor-section-full_width elementor-section-height-default elementor-section-height-default\" data-id=\"e4ccefc\" data-element_type=\"section\" data-e-type=\"section\" data-settings=\"{&quot;_ha_eqh_enable&quot;:false}\">\n\t\t\t\t\t\t<div class=\"elementor-container elementor-column-gap-default\">\n\t\t\t\t\t<div class=\"elementor-column elementor-col-100 elementor-top-column elementor-element elementor-element-801df17\" data-id=\"801df17\" data-element_type=\"column\" data-e-type=\"column\">\n\t\t\t<div class=\"elementor-widget-wrap elementor-element-populated\">\n\t\t\t\t\t\t<section class=\"elementor-section elementor-inner-section elementor-element elementor-element-b6f8527 elementor-section-boxed elementor-section-height-default elementor-section-height-default\" data-id=\"b6f8527\" data-element_type=\"section\" data-e-type=\"section\" data-settings=\"{&quot;_ha_eqh_enable&quot;:false}\">\n\t\t\t\t\t\t<div class=\"elementor-container elementor-column-gap-default\">\n\t\t\t\t\t<div class=\"elementor-column elementor-col-100 elementor-inner-column elementor-element elementor-element-0c4bd98\" data-id=\"0c4bd98\" data-element_type=\"column\" data-e-type=\"column\">\n\t\t\t<div class=\"elementor-widget-wrap elementor-element-populated\">\n\t\t\t\t\t\t<div class=\"elementor-element elementor-element-00e2b84 elementor-widget elementor-widget-heading\" data-id=\"00e2b84\" data-element_type=\"widget\" data-e-type=\"widget\" data-widget_type=\"heading.default\">\n\t\t\t\t<div class=\"elementor-widget-container\">\n\t\t\t\t\t<h2 class=\"elementor-heading-title elementor-size-default\">Parque de veh\u00edculos industriales<\/h2>\t\t\t\t<\/div>\n\t\t\t\t<\/div>\n\t\t\t\t\t<\/div>\n\t\t<\/div>\n\t\t\t\t\t<\/div>\n\t\t<\/section>\n\t\t\t\t<section class=\"elementor-section elementor-inner-section elementor-element elementor-element-1cd9adc elementor-section-full_width elementor-section-height-default elementor-section-height-default\" data-id=\"1cd9adc\" data-element_type=\"section\" data-e-type=\"section\" data-settings=\"{&quot;_ha_eqh_enable&quot;:false}\">\n\t\t\t\t\t\t<div class=\"elementor-container elementor-column-gap-default\">\n\t\t\t\t\t<div class=\"elementor-column elementor-col-100 elementor-inner-column elementor-element elementor-element-d8855dd\" data-id=\"d8855dd\" data-element_type=\"column\" data-e-type=\"column\">\n\t\t\t<div class=\"elementor-widget-wrap elementor-element-populated\">\n\t\t\t\t\t\t<div class=\"elementor-element elementor-element-84694b2 elementor-widget elementor-widget-text-editor\" data-id=\"84694b2\" data-element_type=\"widget\" data-e-type=\"widget\" data-widget_type=\"text-editor.default\">\n\t\t\t\t<div class=\"elementor-widget-container\">\n\t\t\t\t\t\t\t\t\t<p><iframe src=\"\/\/www.voorraadmodule.nl\/3f44\/carousel\/horizontal\/10\" width=\"500\" height=\"250\" style=\"border: 0;\"><\/iframe><\/p>\n\t\t\t\t\t\t\t\t<\/div>\n\t\t\t\t<\/div>\n\t\t\t\t\t<\/div>\n\t\t<\/div>\n\t\t\t\t\t<\/div>\n\t\t<\/section>\n\t\t\t\t\t<\/div>\n\t\t<\/div>\n\t\t\t\t\t<\/div>\n\t\t<\/section>\n\t\t\t\t<section class=\"elementor-section elementor-top-section elementor-element elementor-element-25d5033 elementor-reverse-mobile elementor-section-boxed elementor-section-height-default elementor-section-height-default\" data-id=\"25d5033\" data-element_type=\"section\" data-e-type=\"section\" data-settings=\"{&quot;background_background&quot;:&quot;classic&quot;,&quot;_ha_eqh_enable&quot;:false}\">\n\t\t\t\t\t\t<div class=\"elementor-container elementor-column-gap-default\">\n\t\t\t\t\t<div class=\"elementor-column elementor-col-50 elementor-top-column elementor-element elementor-element-4c58081\" data-id=\"4c58081\" data-element_type=\"column\" data-e-type=\"column\">\n\t\t\t<div class=\"elementor-widget-wrap elementor-element-populated\">\n\t\t\t\t\t\t<div class=\"elementor-element elementor-element-fec990f elementor-widget elementor-widget-heading\" data-id=\"fec990f\" data-element_type=\"widget\" data-e-type=\"widget\" data-widget_type=\"heading.default\">\n\t\t\t\t<div class=\"elementor-widget-container\">\n\t\t\t\t\t<h2 class=\"elementor-heading-title elementor-size-default\">Ayuda necesaria<\/h2>\t\t\t\t<\/div>\n\t\t\t\t<\/div>\n\t\t\t\t<div class=\"elementor-element elementor-element-9d8ee97 elementor-widget elementor-widget-heading\" data-id=\"9d8ee97\" data-element_type=\"widget\" data-e-type=\"widget\" data-widget_type=\"heading.default\">\n\t\t\t\t<div class=\"elementor-widget-container\">\n\t\t\t\t\t<h2 class=\"elementor-heading-title elementor-size-default\">\u00bfNo encuentra el coche de empresa adecuado?<\/h2>\t\t\t\t<\/div>\n\t\t\t\t<\/div>\n\t\t\t\t<div class=\"elementor-element elementor-element-1d49d00 elementor-widget elementor-widget-text-editor\" data-id=\"1d49d00\" data-element_type=\"widget\" data-e-type=\"widget\" data-widget_type=\"text-editor.default\">\n\t\t\t\t<div class=\"elementor-widget-container\">\n\t\t\t\t\t\t\t\t\t<p>Si necesita ayuda adicional o tiene preguntas concretas, no dude en ponerse en contacto con nosotros. Nuestro equipo de expertos est\u00e1 a su disposici\u00f3n para ayudarle y facilitarle toda la informaci\u00f3n necesaria. Estamos aqu\u00ed para responder a sus preguntas y ayudarle a encontrar las soluciones adecuadas para sus necesidades de veh\u00edculos comerciales.<\/p>\n\t\t\t\t\t\t\t\t<\/div>\n\t\t\t\t<\/div>\n\t\t\t\t<div class=\"elementor-element elementor-element-101f6cd elementor-widget elementor-widget-button\" data-id=\"101f6cd\" data-element_type=\"widget\" data-e-type=\"widget\" data-widget_type=\"button.default\">\n\t\t\t\t<div class=\"elementor-widget-container\">\n\t\t\t\t\t\t\t\t\t<div class=\"elementor-button-wrapper\">\n\t\t\t\t\t<a class=\"elementor-button elementor-button-link elementor-size-sm\" href=\"#\">\n\t\t\t\t\t\t<span class=\"elementor-button-content-wrapper\">\n\t\t\t\t\t\t\t\t\t<span class=\"elementor-button-text\">Contacto Peter Vos<\/span>\n\t\t\t\t\t<\/span>\n\t\t\t\t\t<\/a>\n\t\t\t\t<\/div>\n\t\t\t\t\t\t\t\t<\/div>\n\t\t\t\t<\/div>\n\t\t\t\t\t<\/div>\n\t\t<\/div>\n\t\t\t\t<div class=\"elementor-column elementor-col-50 elementor-top-column elementor-element elementor-element-f775d3b\" data-id=\"f775d3b\" data-element_type=\"column\" data-e-type=\"column\">\n\t\t\t<div class=\"elementor-widget-wrap elementor-element-populated\">\n\t\t\t\t\t\t\t<\/div>\n\t\t<\/div>\n\t\t\t\t\t<\/div>\n\t\t<\/section>\n\t\t\t\t<\/div>\n\t\t","protected":false},"excerpt":{"rendered":"<p>Adquisiciones Su socio de confianza para la venta de camiones usados Por qu\u00e9 Vos Bedrijfswagens Experiencia y conocimientos: Con a\u00f1os de experiencia en el sector del transporte, comprendemos el valor de los veh\u00edculos de calidad. Tenemos los conocimientos y la experiencia para valorar sus camiones. Sencillo y eficaz: nuestro proceso de contrataci\u00f3n es sencillo y [&hellip;]<\/p>\n","protected":false},"author":1,"featured_media":0,"parent":0,"menu_order":0,"comment_status":"closed","ping_status":"closed","template":"elementor_header_footer","meta":{"footnotes":""},"class_list":["post-1017","page","type-page","status-publish","hentry"],"_links":{"self":[{"href":"https:\/\/www.vosbedrijfswagens.nl\/es\/wp-json\/wp\/v2\/pages\/1017","targetHints":{"allow":["GET"]}}],"collection":[{"href":"https:\/\/www.vosbedrijfswagens.nl\/es\/wp-json\/wp\/v2\/pages"}],"about":[{"href":"https:\/\/www.vosbedrijfswagens.nl\/es\/wp-json\/wp\/v2\/types\/page"}],"author":[{"embeddable":true,"href":"https:\/\/www.vosbedrijfswagens.nl\/es\/wp-json\/wp\/v2\/users\/1"}],"replies":[{"embeddable":true,"href":"https:\/\/www.vosbedrijfswagens.nl\/es\/wp-json\/wp\/v2\/comments?post=1017"}],"version-history":[{"count":0,"href":"https:\/\/www.vosbedrijfswagens.nl\/es\/wp-json\/wp\/v2\/pages\/1017\/revisions"}],"wp:attachment":[{"href":"https:\/\/www.vosbedrijfswagens.nl\/es\/wp-json\/wp\/v2\/media?parent=1017"}],"curies":[{"name":"wp","href":"https:\/\/api.w.org\/{rel}","templated":true}]}}