{"id":895,"date":"2023-11-01T23:43:57","date_gmt":"2023-11-01T21:43:57","guid":{"rendered":"https:\/\/www.vosbedrijfswagens.nl\/zollrechtliche-ausfuhr\/"},"modified":"2023-12-23T13:01:30","modified_gmt":"2023-12-23T11:01:30","slug":"zollrechtliche-ausfuhr","status":"publish","type":"page","link":"https:\/\/www.vosbedrijfswagens.nl\/de\/zollrechtliche-ausfuhr\/","title":{"rendered":"Zollrechtliche Ausfuhr"},"content":{"rendered":"\t\t<div data-elementor-type=\"wp-page\" data-elementor-id=\"895\" class=\"elementor elementor-895\" data-elementor-settings=\"{&quot;ha_cmc_init_switcher&quot;:&quot;no&quot;}\" data-elementor-post-type=\"page\">\n\t\t\t\t\t\t<section class=\"elementor-section elementor-top-section elementor-element elementor-element-226145cc elementor-section-height-min-height elementor-section-content-middle elementor-section-boxed elementor-section-height-default elementor-section-items-middle\" data-id=\"226145cc\" data-element_type=\"section\" data-e-type=\"section\" data-settings=\"{&quot;background_background&quot;:&quot;classic&quot;,&quot;_ha_eqh_enable&quot;:false}\">\n\t\t\t\t\t\t<div class=\"elementor-container elementor-column-gap-default\">\n\t\t\t\t\t<div class=\"elementor-column elementor-col-100 elementor-top-column elementor-element elementor-element-2448a6b3\" data-id=\"2448a6b3\" data-element_type=\"column\" data-e-type=\"column\">\n\t\t\t<div class=\"elementor-widget-wrap elementor-element-populated\">\n\t\t\t\t\t\t<div class=\"elementor-element elementor-element-14c48f97 elementor-widget elementor-widget-heading\" data-id=\"14c48f97\" data-element_type=\"widget\" data-e-type=\"widget\" data-widget_type=\"heading.default\">\n\t\t\t\t<div class=\"elementor-widget-container\">\n\t\t\t\t\t<h2 class=\"elementor-heading-title elementor-size-default\"><b style=\"color:white;font-weight:900\">Zollamtliche Ausfuhr<\/h2>\t\t\t\t<\/div>\n\t\t\t\t<\/div>\n\t\t\t\t<div class=\"elementor-element elementor-element-4e61957 elementor-widget elementor-widget-text-editor\" data-id=\"4e61957\" data-element_type=\"widget\" data-e-type=\"widget\" data-widget_type=\"text-editor.default\">\n\t\t\t\t<div class=\"elementor-widget-container\">\n\t\t\t\t\t\t\t\t\t<p>Import und Export von Lastkraftwagen aller Gr\u00f6\u00dfen<\/p>\n\t\t\t\t\t\t\t\t<\/div>\n\t\t\t\t<\/div>\n\t\t\t\t\t<\/div>\n\t\t<\/div>\n\t\t\t\t\t<\/div>\n\t\t<\/section>\n\t\t\t\t<section class=\"elementor-section elementor-top-section elementor-element elementor-element-2a3f0ee4 elementor-section-boxed elementor-section-height-default elementor-section-height-default\" data-id=\"2a3f0ee4\" data-element_type=\"section\" data-e-type=\"section\" data-settings=\"{&quot;background_background&quot;:&quot;classic&quot;,&quot;_ha_eqh_enable&quot;:false}\">\n\t\t\t\t\t\t<div class=\"elementor-container elementor-column-gap-default\">\n\t\t\t\t\t<div class=\"elementor-column elementor-col-100 elementor-top-column elementor-element elementor-element-16744c2\" data-id=\"16744c2\" data-element_type=\"column\" data-e-type=\"column\">\n\t\t\t<div class=\"elementor-widget-wrap elementor-element-populated\">\n\t\t\t\t\t\t<div class=\"elementor-element elementor-element-6e4f4222 elementor-widget elementor-widget-heading\" data-id=\"6e4f4222\" data-element_type=\"widget\" data-e-type=\"widget\" data-widget_type=\"heading.default\">\n\t\t\t\t<div class=\"elementor-widget-container\">\n\t\t\t\t\t<h2 class=\"elementor-heading-title elementor-size-default\">Eine komplette Exportl\u00f6sung<\/h2>\t\t\t\t<\/div>\n\t\t\t\t<\/div>\n\t\t\t\t<div class=\"elementor-element elementor-element-2a6cd66e elementor-widget elementor-widget-text-editor\" data-id=\"2a6cd66e\" data-element_type=\"widget\" data-e-type=\"widget\" data-widget_type=\"text-editor.default\">\n\t\t\t\t<div class=\"elementor-widget-container\">\n\t\t\t\t\t\t\t\t\t<p>Bei Vos Bedrijfswagens konzentrieren wir uns auf den Import und Export von Lkw aller Gr\u00f6\u00dfen, sowohl national als auch international. Wir wissen, dass ein gro\u00dfer Prozentsatz unserer Produkte f\u00fcr ausl\u00e4ndische M\u00e4rkte bestimmt ist. Deshalb bieten wir unseren Kunden eine umfassende Palette von Dienstleistungen, die den Exportprozess m\u00fchelos gestalten. Unsere Dienstleistungen umfassen die Abmeldung niederl\u00e4ndischer Fahrzeuge f\u00fcr den Export, die Bereitstellung von Exportkennzeichen, Sieben-Tage-Kennzeichen (Z-kenteken), die Ausstellung von Versicherungsbescheinigungen (internationale gr\u00fcne Karten), Exportdokumenten und die Ausstellung von Entsch\u00e4digungsbescheinigungen. Bei Vos Bedrijfswagens glauben wir an eine vollst\u00e4ndige Abwicklung der Exporte ohne Einmischung Dritter. Sie k\u00f6nnen sich darauf verlassen, dass wir alles tun, um Ihren Import- und Exportbedarf f\u00fcr Lkw aller Gr\u00f6\u00dfen zu decken. F\u00fcr weitere Informationen und um zu besprechen, wie wir Ihnen helfen k\u00f6nnen, kontaktieren Sie uns. Wir sind bereit, Sie bei der Abwicklung all Ihrer Exportgesch\u00e4fte zu unterst\u00fctzen.<\/p>\n\t\t\t\t\t\t\t\t<\/div>\n\t\t\t\t<\/div>\n\t\t\t\t<div class=\"elementor-element elementor-element-691e0d6 elementor-widget elementor-widget-image\" data-id=\"691e0d6\" data-element_type=\"widget\" data-e-type=\"widget\" data-widget_type=\"image.default\">\n\t\t\t\t<div class=\"elementor-widget-container\">\n\t\t\t\t\t\t\t\t\t\t\t\t\t\t\t<img fetchpriority=\"high\" decoding=\"async\" width=\"2560\" height=\"1709\" src=\"https:\/\/www.vosbedrijfswagens.nl\/wp-content\/uploads\/2023\/11\/zakelijke-handdruk-samenwerking-succes-concept-scaled.jpg\" class=\"attachment-full size-full wp-image-722\" alt=\"\" srcset=\"https:\/\/www.vosbedrijfswagens.nl\/wp-content\/uploads\/2023\/11\/zakelijke-handdruk-samenwerking-succes-concept-scaled.jpg 2560w, https:\/\/www.vosbedrijfswagens.nl\/wp-content\/uploads\/2023\/11\/zakelijke-handdruk-samenwerking-succes-concept-300x200.jpg 300w, https:\/\/www.vosbedrijfswagens.nl\/wp-content\/uploads\/2023\/11\/zakelijke-handdruk-samenwerking-succes-concept-1024x683.jpg 1024w, https:\/\/www.vosbedrijfswagens.nl\/wp-content\/uploads\/2023\/11\/zakelijke-handdruk-samenwerking-succes-concept-768x513.jpg 768w, https:\/\/www.vosbedrijfswagens.nl\/wp-content\/uploads\/2023\/11\/zakelijke-handdruk-samenwerking-succes-concept-1536x1025.jpg 1536w, https:\/\/www.vosbedrijfswagens.nl\/wp-content\/uploads\/2023\/11\/zakelijke-handdruk-samenwerking-succes-concept-2048x1367.jpg 2048w\" sizes=\"(max-width: 2560px) 100vw, 2560px\" title=\"\">\t\t\t\t\t\t\t\t\t\t\t\t\t\t\t<\/div>\n\t\t\t\t<\/div>\n\t\t\t\t\t<\/div>\n\t\t<\/div>\n\t\t\t\t\t<\/div>\n\t\t<\/section>\n\t\t\t\t<section class=\"elementor-section elementor-top-section elementor-element elementor-element-7fd10d6b elementor-section-boxed elementor-section-height-default elementor-section-height-default\" data-id=\"7fd10d6b\" data-element_type=\"section\" data-e-type=\"section\" data-settings=\"{&quot;background_background&quot;:&quot;classic&quot;,&quot;_ha_eqh_enable&quot;:false}\">\n\t\t\t\t\t\t<div class=\"elementor-container elementor-column-gap-default\">\n\t\t\t\t\t<div class=\"elementor-column elementor-col-100 elementor-top-column elementor-element elementor-element-f847d26\" data-id=\"f847d26\" data-element_type=\"column\" data-e-type=\"column\">\n\t\t\t<div class=\"elementor-widget-wrap elementor-element-populated\">\n\t\t\t\t\t\t<section class=\"elementor-section elementor-inner-section elementor-element elementor-element-193703f6 elementor-section-boxed elementor-section-height-default elementor-section-height-default\" data-id=\"193703f6\" data-element_type=\"section\" data-e-type=\"section\" data-settings=\"{&quot;_ha_eqh_enable&quot;:false}\">\n\t\t\t\t\t\t<div class=\"elementor-container elementor-column-gap-default\">\n\t\t\t\t\t<div class=\"elementor-column elementor-col-50 elementor-inner-column elementor-element elementor-element-441ad811\" data-id=\"441ad811\" data-element_type=\"column\" data-e-type=\"column\">\n\t\t\t<div class=\"elementor-widget-wrap elementor-element-populated\">\n\t\t\t\t\t\t<div class=\"elementor-element elementor-element-321c1f8d elementor-widget elementor-widget-heading\" data-id=\"321c1f8d\" data-element_type=\"widget\" data-e-type=\"widget\" data-widget_type=\"heading.default\">\n\t\t\t\t<div class=\"elementor-widget-container\">\n\t\t\t\t\t<h2 class=\"elementor-heading-title elementor-size-default\"><b>VOS<\/b> Nutzfahrzeuge<\/h2>\t\t\t\t<\/div>\n\t\t\t\t<\/div>\n\t\t\t\t<div class=\"elementor-element elementor-element-690e1a3f elementor-widget elementor-widget-text-editor\" data-id=\"690e1a3f\" data-element_type=\"widget\" data-e-type=\"widget\" data-widget_type=\"text-editor.default\">\n\t\t\t\t<div class=\"elementor-widget-container\">\n\t\t\t\t\t\t\t\t\t<p>Willkommen bei Vos Bedrijfswagens, Ihrem zuverl\u00e4ssigen Partner f\u00fcr den An- und Verkauf von gebrauchten Lkw. Mit unserer langj\u00e4hrigen Erfahrung im Transportsektor bieten wir eine breite Palette von Dienstleistungen und L\u00f6sungen f\u00fcr Ihre spezifischen Bed\u00fcrfnisse.<\/p>\n\t\t\t\t\t\t\t\t<\/div>\n\t\t\t\t<\/div>\n\t\t\t\t<div class=\"elementor-element elementor-element-3df0ac99 elementor-widget elementor-widget-heading\" data-id=\"3df0ac99\" data-element_type=\"widget\" data-e-type=\"widget\" data-widget_type=\"heading.default\">\n\t\t\t\t<div class=\"elementor-widget-container\">\n\t\t\t\t\t<h2 class=\"elementor-heading-title elementor-size-default\">Einfuhren und Ausfuhren\n<\/h2>\t\t\t\t<\/div>\n\t\t\t\t<\/div>\n\t\t\t\t<div class=\"elementor-element elementor-element-7c1ae163 elementor-widget elementor-widget-text-editor\" data-id=\"7c1ae163\" data-element_type=\"widget\" data-e-type=\"widget\" data-widget_type=\"text-editor.default\">\n\t\t\t\t<div class=\"elementor-widget-container\">\n\t\t\t\t\t\t\t\t\t<p>Unser Fachwissen reicht \u00fcber die Grenzen hinaus. Ganz gleich, ob Sie Fahrzeuge in praktisch jedes Land der Welt einf\u00fchren, zulassen oder verschiffen wollen, wir stehen Ihnen zur Seite. Dank unserer ausgezeichneten Kontakte zu verschiedenen europ\u00e4ischen H\u00e4fen, Schifffahrtsgesellschaften und Spediteuren k\u00f6nnen wir Ihnen sehr wettbewerbsf\u00e4hige Frachtraten anbieten. F\u00fcr nur 150 \u20ac pro Lkw bringen wir Ihren gekauften Lkw zu den H\u00e4fen von Antwerpen, Rotterdam oder Amsterdam.<\/p>\n\t\t\t\t\t\t\t\t<\/div>\n\t\t\t\t<\/div>\n\t\t\t\t\t<\/div>\n\t\t<\/div>\n\t\t\t\t<div class=\"elementor-column elementor-col-50 elementor-inner-column elementor-element elementor-element-d5eae4d\" data-id=\"d5eae4d\" data-element_type=\"column\" data-e-type=\"column\">\n\t\t\t<div class=\"elementor-widget-wrap elementor-element-populated\">\n\t\t\t\t\t\t<div class=\"elementor-element elementor-element-358eb9ab elementor-widget elementor-widget-heading\" data-id=\"358eb9ab\" data-element_type=\"widget\" data-e-type=\"widget\" data-widget_type=\"heading.default\">\n\t\t\t\t<div class=\"elementor-widget-container\">\n\t\t\t\t\t<h2 class=\"elementor-heading-title elementor-size-default\">Nutzfahrzeugbestand<\/h2>\t\t\t\t<\/div>\n\t\t\t\t<\/div>\n\t\t\t\t<div class=\"elementor-element elementor-element-786d3250 elementor-widget elementor-widget-text-editor\" data-id=\"786d3250\" data-element_type=\"widget\" data-e-type=\"widget\" data-widget_type=\"text-editor.default\">\n\t\t\t\t<div class=\"elementor-widget-container\">\n\t\t\t\t\t\t\t\t\t<p>St\u00f6bern Sie in unserem umfangreichen Bestand an gebrauchten Lkw. Wir bieten eine vielf\u00e4ltige Auswahl an Fahrzeugen, die h\u00f6chsten Qualit\u00e4tsanspr\u00fcchen gen\u00fcgen. Ob Sie nun Lkw, Transporter oder spezielle Transportmittel suchen, bei Vos Bedrijfswagens werden Sie f\u00fcndig.<\/p>\n\t\t\t\t\t\t\t\t<\/div>\n\t\t\t\t<\/div>\n\t\t\t\t<div class=\"elementor-element elementor-element-23f5e7c1 elementor-widget elementor-widget-heading\" data-id=\"23f5e7c1\" data-element_type=\"widget\" data-e-type=\"widget\" data-widget_type=\"heading.default\">\n\t\t\t\t<div class=\"elementor-widget-container\">\n\t\t\t\t\t<h2 class=\"elementor-heading-title elementor-size-default\">Kontakt<\/h2>\t\t\t\t<\/div>\n\t\t\t\t<\/div>\n\t\t\t\t<div class=\"elementor-element elementor-element-328f91f4 elementor-widget elementor-widget-text-editor\" data-id=\"328f91f4\" data-element_type=\"widget\" data-e-type=\"widget\" data-widget_type=\"text-editor.default\">\n\t\t\t\t<div class=\"elementor-widget-container\">\n\t\t\t\t\t\t\t\t\t<p>Haben Sie Fragen oder m\u00f6chten Sie mehr \u00fcber unsere Dienstleistungen erfahren? Nehmen Sie Kontakt mit uns auf, und unser engagiertes Team ist bereit, Ihnen zu helfen.<\/p>\n<p>Vos Bedrijfswagens Groothandelsweg  <br \/>1c 6515 AH Nijmegen  <br \/>B\u00fcro: +31 (0) 24 &#8211; 348 29 00  <br \/>Peter Vos: +31 6 41 45 18 28  <br \/>Joop Vos: +31 6 53 36 35 46 E-<br \/>E-Mail: <a href=\"mailto:info@vosbedrijfswagens.nl\" target=\"_new\">info@vosbedrijfswagens.nl<\/a><\/p>\n\t\t\t\t\t\t\t\t<\/div>\n\t\t\t\t<\/div>\n\t\t\t\t\t<\/div>\n\t\t<\/div>\n\t\t\t\t\t<\/div>\n\t\t<\/section>\n\t\t\t\t<section class=\"elementor-section elementor-inner-section elementor-element elementor-element-17f54379 elementor-section-boxed elementor-section-height-default elementor-section-height-default\" data-id=\"17f54379\" data-element_type=\"section\" data-e-type=\"section\" data-settings=\"{&quot;_ha_eqh_enable&quot;:false}\">\n\t\t\t\t\t\t<div class=\"elementor-container elementor-column-gap-default\">\n\t\t\t\t\t<div class=\"elementor-column elementor-col-50 elementor-inner-column elementor-element elementor-element-20d2d2a9\" data-id=\"20d2d2a9\" data-element_type=\"column\" data-e-type=\"column\">\n\t\t\t<div class=\"elementor-widget-wrap elementor-element-populated\">\n\t\t\t\t\t\t<div class=\"elementor-element elementor-element-6be04409 elementor-widget elementor-widget-image\" data-id=\"6be04409\" data-element_type=\"widget\" data-e-type=\"widget\" data-widget_type=\"image.default\">\n\t\t\t\t<div class=\"elementor-widget-container\">\n\t\t\t\t\t\t\t\t\t\t\t\t\t\t\t<img decoding=\"async\" width=\"159\" height=\"209\" src=\"https:\/\/www.vosbedrijfswagens.nl\/wp-content\/uploads\/2023\/06\/Logo-vos-bedrijfswagens-trucks-hoofd-vos-kleur_Tekengebied-1.svg\" class=\"attachment-full size-full wp-image-11\" alt=\"\" title=\"\">\t\t\t\t\t\t\t\t\t\t\t\t\t\t\t<\/div>\n\t\t\t\t<\/div>\n\t\t\t\t\t<\/div>\n\t\t<\/div>\n\t\t\t\t<div class=\"elementor-column elementor-col-50 elementor-inner-column elementor-element elementor-element-758afa91\" data-id=\"758afa91\" data-element_type=\"column\" data-e-type=\"column\">\n\t\t\t<div class=\"elementor-widget-wrap elementor-element-populated\">\n\t\t\t\t\t\t<div class=\"elementor-element elementor-element-7eb90b39 elementor-widget-divider--view-line elementor-widget elementor-widget-divider\" data-id=\"7eb90b39\" data-element_type=\"widget\" data-e-type=\"widget\" data-widget_type=\"divider.default\">\n\t\t\t\t<div class=\"elementor-widget-container\">\n\t\t\t\t\t\t\t<div class=\"elementor-divider\">\n\t\t\t<span class=\"elementor-divider-separator\">\n\t\t\t\t\t\t<\/span>\n\t\t<\/div>\n\t\t\t\t\t\t<\/div>\n\t\t\t\t<\/div>\n\t\t\t\t<div class=\"elementor-element elementor-element-75de1dbe elementor-icon-list--layout-inline elementor-align-start elementor-list-item-link-full_width elementor-widget elementor-widget-icon-list\" data-id=\"75de1dbe\" data-element_type=\"widget\" data-e-type=\"widget\" data-widget_type=\"icon-list.default\">\n\t\t\t\t<div class=\"elementor-widget-container\">\n\t\t\t\t\t\t\t<ul class=\"elementor-icon-list-items elementor-inline-items\">\n\t\t\t\t\t\t\t<li class=\"elementor-icon-list-item elementor-inline-item\">\n\t\t\t\t\t\t\t\t\t\t\t<span class=\"elementor-icon-list-icon\">\n\t\t\t\t\t\t\t<i aria-hidden=\"true\" class=\"hm hm-info\"><\/i>\t\t\t\t\t\t<\/span>\n\t\t\t\t\t\t\t\t\t\t<span class=\"elementor-icon-list-text\">Erfahren Sie mehr \u00fcber VOS Bedrijfwagesn<\/span>\n\t\t\t\t\t\t\t\t\t<\/li>\n\t\t\t\t\t\t\t\t<li class=\"elementor-icon-list-item elementor-inline-item\">\n\t\t\t\t\t\t\t\t\t\t\t<span class=\"elementor-icon-list-icon\">\n\t\t\t\t\t\t\t<i aria-hidden=\"true\" class=\"hm hm-phone\"><\/i>\t\t\t\t\t\t<\/span>\n\t\t\t\t\t\t\t\t\t\t<span class=\"elementor-icon-list-text\"><u>Kontakt VOS Nutzfahrzeuge<\/u><\/span>\n\t\t\t\t\t\t\t\t\t<\/li>\n\t\t\t\t\t\t<\/ul>\n\t\t\t\t\t\t<\/div>\n\t\t\t\t<\/div>\n\t\t\t\t\t<\/div>\n\t\t<\/div>\n\t\t\t\t\t<\/div>\n\t\t<\/section>\n\t\t\t\t\t<\/div>\n\t\t<\/div>\n\t\t\t\t\t<\/div>\n\t\t<\/section>\n\t\t\t\t<section class=\"elementor-section elementor-top-section elementor-element elementor-element-25c492c9 elementor-section-boxed elementor-section-height-default elementor-section-height-default\" data-id=\"25c492c9\" data-element_type=\"section\" data-e-type=\"section\" data-settings=\"{&quot;_ha_eqh_enable&quot;:false}\">\n\t\t\t\t\t\t<div class=\"elementor-container elementor-column-gap-default\">\n\t\t\t\t\t<div class=\"elementor-column elementor-col-100 elementor-top-column elementor-element elementor-element-30260fd1\" data-id=\"30260fd1\" data-element_type=\"column\" data-e-type=\"column\">\n\t\t\t<div class=\"elementor-widget-wrap elementor-element-populated\">\n\t\t\t\t\t\t<div class=\"elementor-element elementor-element-3701c8a7 elementor-widget elementor-widget-heading\" data-id=\"3701c8a7\" data-element_type=\"widget\" data-e-type=\"widget\" data-widget_type=\"heading.default\">\n\t\t\t\t<div class=\"elementor-widget-container\">\n\t\t\t\t\t<h2 class=\"elementor-heading-title elementor-size-default\">Nutzfahrzeugbestand<\/h2>\t\t\t\t<\/div>\n\t\t\t\t<\/div>\n\t\t\t\t<div class=\"elementor-element elementor-element-e0d9cd8 elementor-widget elementor-widget-image\" data-id=\"e0d9cd8\" data-element_type=\"widget\" data-e-type=\"widget\" data-widget_type=\"image.default\">\n\t\t\t\t<div class=\"elementor-widget-container\">\n\t\t\t\t\t\t\t\t\t\t\t\t\t\t\t<img decoding=\"async\" width=\"546\" height=\"173\" src=\"https:\/\/www.vosbedrijfswagens.nl\/wp-content\/uploads\/2023\/07\/Screenshot-2023-07-05-124659.png\" class=\"attachment-full size-full wp-image-399\" alt=\"\" srcset=\"https:\/\/www.vosbedrijfswagens.nl\/wp-content\/uploads\/2023\/07\/Screenshot-2023-07-05-124659.png 546w, https:\/\/www.vosbedrijfswagens.nl\/wp-content\/uploads\/2023\/07\/Screenshot-2023-07-05-124659-300x95.png 300w\" sizes=\"(max-width: 546px) 100vw, 546px\" title=\"\">\t\t\t\t\t\t\t\t\t\t\t\t\t\t\t<\/div>\n\t\t\t\t<\/div>\n\t\t\t\t<div class=\"elementor-element elementor-element-4c747355 elementor-align-right elementor-widget elementor-widget-button\" data-id=\"4c747355\" data-element_type=\"widget\" data-e-type=\"widget\" data-widget_type=\"button.default\">\n\t\t\t\t<div class=\"elementor-widget-container\">\n\t\t\t\t\t\t\t\t\t<div class=\"elementor-button-wrapper\">\n\t\t\t\t\t<a class=\"elementor-button elementor-button-link elementor-size-sm\" href=\"#\">\n\t\t\t\t\t\t<span class=\"elementor-button-content-wrapper\">\n\t\t\t\t\t\t\t\t\t<span class=\"elementor-button-text\">Mehr Nutzfahrzeuge auf Lager<\/span>\n\t\t\t\t\t<\/span>\n\t\t\t\t\t<\/a>\n\t\t\t\t<\/div>\n\t\t\t\t\t\t\t\t<\/div>\n\t\t\t\t<\/div>\n\t\t\t\t\t<\/div>\n\t\t<\/div>\n\t\t\t\t\t<\/div>\n\t\t<\/section>\n\t\t\t\t<section class=\"elementor-section elementor-top-section elementor-element elementor-element-71ed5a52 elementor-reverse-mobile elementor-section-boxed elementor-section-height-default elementor-section-height-default\" data-id=\"71ed5a52\" data-element_type=\"section\" data-e-type=\"section\" data-settings=\"{&quot;background_background&quot;:&quot;classic&quot;,&quot;_ha_eqh_enable&quot;:false}\">\n\t\t\t\t\t\t<div class=\"elementor-container elementor-column-gap-default\">\n\t\t\t\t\t<div class=\"elementor-column elementor-col-50 elementor-top-column elementor-element elementor-element-2c6e9971\" data-id=\"2c6e9971\" data-element_type=\"column\" data-e-type=\"column\">\n\t\t\t<div class=\"elementor-widget-wrap elementor-element-populated\">\n\t\t\t\t\t\t<div class=\"elementor-element elementor-element-4341dda elementor-widget elementor-widget-heading\" data-id=\"4341dda\" data-element_type=\"widget\" data-e-type=\"widget\" data-widget_type=\"heading.default\">\n\t\t\t\t<div class=\"elementor-widget-container\">\n\t\t\t\t\t<h2 class=\"elementor-heading-title elementor-size-default\">Hilfe ben\u00f6tigt<\/h2>\t\t\t\t<\/div>\n\t\t\t\t<\/div>\n\t\t\t\t<div class=\"elementor-element elementor-element-460d9fc4 elementor-widget elementor-widget-heading\" data-id=\"460d9fc4\" data-element_type=\"widget\" data-e-type=\"widget\" data-widget_type=\"heading.default\">\n\t\t\t\t<div class=\"elementor-widget-container\">\n\t\t\t\t\t<h2 class=\"elementor-heading-title elementor-size-default\">Sie finden nicht den richtigen Firmenwagen?<\/h2>\t\t\t\t<\/div>\n\t\t\t\t<\/div>\n\t\t\t\t<div class=\"elementor-element elementor-element-4907d65f elementor-widget elementor-widget-text-editor\" data-id=\"4907d65f\" data-element_type=\"widget\" data-e-type=\"widget\" data-widget_type=\"text-editor.default\">\n\t\t\t\t<div class=\"elementor-widget-container\">\n\t\t\t\t\t\t\t\t\t<p>Wenn Sie zus\u00e4tzliche Unterst\u00fctzung ben\u00f6tigen oder spezielle Fragen haben, z\u00f6gern Sie nicht, uns zu kontaktieren. Unser Expertenteam steht Ihnen zur Seite und versorgt Sie mit allen notwendigen Informationen. Wir sind f\u00fcr Sie da, um Ihre Fragen zu beantworten und Ihnen zu helfen, die richtigen L\u00f6sungen f\u00fcr Ihren Nutzfahrzeugbedarf zu finden.<\/p>\n\t\t\t\t\t\t\t\t<\/div>\n\t\t\t\t<\/div>\n\t\t\t\t<div class=\"elementor-element elementor-element-3c2efa21 elementor-widget elementor-widget-button\" data-id=\"3c2efa21\" data-element_type=\"widget\" data-e-type=\"widget\" data-widget_type=\"button.default\">\n\t\t\t\t<div class=\"elementor-widget-container\">\n\t\t\t\t\t\t\t\t\t<div class=\"elementor-button-wrapper\">\n\t\t\t\t\t<a class=\"elementor-button elementor-button-link elementor-size-sm\" href=\"#\">\n\t\t\t\t\t\t<span class=\"elementor-button-content-wrapper\">\n\t\t\t\t\t\t\t\t\t<span class=\"elementor-button-text\">Ansprechpartner Peter Vos<\/span>\n\t\t\t\t\t<\/span>\n\t\t\t\t\t<\/a>\n\t\t\t\t<\/div>\n\t\t\t\t\t\t\t\t<\/div>\n\t\t\t\t<\/div>\n\t\t\t\t\t<\/div>\n\t\t<\/div>\n\t\t\t\t<div class=\"elementor-column elementor-col-50 elementor-top-column elementor-element elementor-element-4fd35f8a\" data-id=\"4fd35f8a\" data-element_type=\"column\" data-e-type=\"column\">\n\t\t\t<div class=\"elementor-widget-wrap elementor-element-populated\">\n\t\t\t\t\t\t<div class=\"elementor-element elementor-element-513ba91 elementor-widget elementor-widget-image\" data-id=\"513ba91\" data-element_type=\"widget\" data-e-type=\"widget\" data-widget_type=\"image.default\">\n\t\t\t\t<div class=\"elementor-widget-container\">\n\t\t\t\t\t\t\t\t\t\t\t\t\t\t\t<img loading=\"lazy\" decoding=\"async\" width=\"928\" height=\"1281\" src=\"https:\/\/www.vosbedrijfswagens.nl\/wp-content\/uploads\/2023\/06\/vos-bedrijfswagens-neem-contact-op-peter-vos.png\" class=\"attachment-full size-full wp-image-20\" alt=\"\" srcset=\"https:\/\/www.vosbedrijfswagens.nl\/wp-content\/uploads\/2023\/06\/vos-bedrijfswagens-neem-contact-op-peter-vos.png 928w, https:\/\/www.vosbedrijfswagens.nl\/wp-content\/uploads\/2023\/06\/vos-bedrijfswagens-neem-contact-op-peter-vos-217x300.png 217w, https:\/\/www.vosbedrijfswagens.nl\/wp-content\/uploads\/2023\/06\/vos-bedrijfswagens-neem-contact-op-peter-vos-742x1024.png 742w, https:\/\/www.vosbedrijfswagens.nl\/wp-content\/uploads\/2023\/06\/vos-bedrijfswagens-neem-contact-op-peter-vos-768x1060.png 768w\" sizes=\"(max-width: 928px) 100vw, 928px\" title=\"\">\t\t\t\t\t\t\t\t\t\t\t\t\t\t\t<\/div>\n\t\t\t\t<\/div>\n\t\t\t\t\t<\/div>\n\t\t<\/div>\n\t\t\t\t\t<\/div>\n\t\t<\/section>\n\t\t\t\t<\/div>\n\t\t","protected":false},"excerpt":{"rendered":"<p>Zollamtliche Ausfuhr Import und Export von Lastkraftwagen aller Gr\u00f6\u00dfen Eine komplette Exportl\u00f6sung Bei Vos Bedrijfswagens konzentrieren wir uns auf den Import und Export von Lkw aller Gr\u00f6\u00dfen, sowohl national als auch international. Wir wissen, dass ein gro\u00dfer Prozentsatz unserer Produkte f\u00fcr ausl\u00e4ndische M\u00e4rkte bestimmt ist. Deshalb bieten wir unseren Kunden eine umfassende Palette von Dienstleistungen, [&hellip;]<\/p>\n","protected":false},"author":1,"featured_media":0,"parent":0,"menu_order":0,"comment_status":"closed","ping_status":"closed","template":"elementor_header_footer","meta":{"footnotes":""},"class_list":["post-895","page","type-page","status-publish","hentry"],"_links":{"self":[{"href":"https:\/\/www.vosbedrijfswagens.nl\/de\/wp-json\/wp\/v2\/pages\/895","targetHints":{"allow":["GET"]}}],"collection":[{"href":"https:\/\/www.vosbedrijfswagens.nl\/de\/wp-json\/wp\/v2\/pages"}],"about":[{"href":"https:\/\/www.vosbedrijfswagens.nl\/de\/wp-json\/wp\/v2\/types\/page"}],"author":[{"embeddable":true,"href":"https:\/\/www.vosbedrijfswagens.nl\/de\/wp-json\/wp\/v2\/users\/1"}],"replies":[{"embeddable":true,"href":"https:\/\/www.vosbedrijfswagens.nl\/de\/wp-json\/wp\/v2\/comments?post=895"}],"version-history":[{"count":0,"href":"https:\/\/www.vosbedrijfswagens.nl\/de\/wp-json\/wp\/v2\/pages\/895\/revisions"}],"wp:attachment":[{"href":"https:\/\/www.vosbedrijfswagens.nl\/de\/wp-json\/wp\/v2\/media?parent=895"}],"curies":[{"name":"wp","href":"https:\/\/api.w.org\/{rel}","templated":true}]}}