{"id":1369,"date":"2024-05-05T11:03:56","date_gmt":"2024-05-05T09:03:56","guid":{"rendered":"https:\/\/www.vosbedrijfswagens.nl\/lagerabzug\/"},"modified":"2024-05-05T11:29:02","modified_gmt":"2024-05-05T09:29:02","slug":"lagerabzug","status":"publish","type":"page","link":"https:\/\/www.vosbedrijfswagens.nl\/de\/lagerabzug\/","title":{"rendered":"Lagerabzug"},"content":{"rendered":"\t\t<div data-elementor-type=\"wp-page\" data-elementor-id=\"1369\" class=\"elementor elementor-1369\" data-elementor-settings=\"{&quot;ha_cmc_init_switcher&quot;:&quot;no&quot;}\" data-elementor-post-type=\"page\">\n\t\t\t\t\t\t<section class=\"elementor-section elementor-top-section elementor-element elementor-element-43937e00 elementor-section-height-min-height elementor-section-boxed elementor-section-height-default elementor-section-items-middle\" data-id=\"43937e00\" data-element_type=\"section\" data-e-type=\"section\" data-settings=\"{&quot;background_background&quot;:&quot;classic&quot;,&quot;_ha_eqh_enable&quot;:false}\">\n\t\t\t\t\t\t<div class=\"elementor-container elementor-column-gap-default\">\n\t\t\t\t\t<div class=\"elementor-column elementor-col-100 elementor-top-column elementor-element elementor-element-6d5bfffb\" data-id=\"6d5bfffb\" data-element_type=\"column\" data-e-type=\"column\">\n\t\t\t<div class=\"elementor-widget-wrap elementor-element-populated\">\n\t\t\t\t\t\t<div class=\"elementor-element elementor-element-4f2c14f6 elementor-widget elementor-widget-heading\" data-id=\"4f2c14f6\" data-element_type=\"widget\" data-e-type=\"widget\" data-widget_type=\"heading.default\">\n\t\t\t\t<div class=\"elementor-widget-container\">\n\t\t\t\t\t<h2 class=\"elementor-heading-title elementor-size-default\"><b style=\"color:white;font-weight:900\">Lager Traktoren<\/h2>\t\t\t\t<\/div>\n\t\t\t\t<\/div>\n\t\t\t\t<div class=\"elementor-element elementor-element-92f2800 elementor-widget elementor-widget-text-editor\" data-id=\"92f2800\" data-element_type=\"widget\" data-e-type=\"widget\" data-widget_type=\"text-editor.default\">\n\t\t\t\t<div class=\"elementor-widget-container\">\n\t\t\t\t\t\t\t\t\t<p><em>Entdecken Sie unser umfangreiches Angebot an Traktoren<\/em><\/p>\n\t\t\t\t\t\t\t\t<\/div>\n\t\t\t\t<\/div>\n\t\t\t\t\t<\/div>\n\t\t<\/div>\n\t\t\t\t\t<\/div>\n\t\t<\/section>\n\t\t\t\t<section class=\"elementor-section elementor-top-section elementor-element elementor-element-35af96ae elementor-section-boxed elementor-section-height-default elementor-section-height-default\" data-id=\"35af96ae\" data-element_type=\"section\" data-e-type=\"section\" data-settings=\"{&quot;background_background&quot;:&quot;classic&quot;,&quot;_ha_eqh_enable&quot;:false}\">\n\t\t\t\t\t\t<div class=\"elementor-container elementor-column-gap-default\">\n\t\t\t\t\t<div class=\"elementor-column elementor-col-100 elementor-top-column elementor-element elementor-element-8203678\" data-id=\"8203678\" data-element_type=\"column\" data-e-type=\"column\">\n\t\t\t<div class=\"elementor-widget-wrap elementor-element-populated\">\n\t\t\t\t\t\t<div class=\"elementor-element elementor-element-21bede2d elementor-widget elementor-widget-heading\" data-id=\"21bede2d\" data-element_type=\"widget\" data-e-type=\"widget\" data-widget_type=\"heading.default\">\n\t\t\t\t<div class=\"elementor-widget-container\">\n\t\t\t\t\t<h2 class=\"elementor-heading-title elementor-size-default\">Entdecken Sie unseren Bestand<\/h2>\t\t\t\t<\/div>\n\t\t\t\t<\/div>\n\t\t\t\t<div class=\"elementor-element elementor-element-ebd9864 elementor-widget elementor-widget-text-editor\" data-id=\"ebd9864\" data-element_type=\"widget\" data-e-type=\"widget\" data-widget_type=\"text-editor.default\">\n\t\t\t\t<div class=\"elementor-widget-container\">\n\t\t\t\t\t\t\t\t\t<div id=\"svm-canvas\"><\/div>\n<script type=\"text\/javascript\">\n(function(){h=document.getElementsByTagName('head')[0];s=document.createElement('script');\ns.type='text\/javascript';s.src=\"https:\/\/voorraadmodule.nl\/js\/svm.js?t=\"+Date.now();s.onload=function(){\nsvm.saveUrlGetData({key: 'svm_canvas_width', value:document.getElementById('svm-canvas').clientWidth});\nvm=svm.create('a0d1','https:\/\/voorraadmodule.nl\/',false, {'carousel': false, 'carouselOptions': {'direction': false, 'amount': false}, 'quick_search': false}, 'default');\nvm.init();};h.appendChild(s);})();\n<\/script>\t\t\t\t\t\t\t\t<\/div>\n\t\t\t\t<\/div>\n\t\t\t\t\t<\/div>\n\t\t<\/div>\n\t\t\t\t\t<\/div>\n\t\t<\/section>\n\t\t\t\t<section class=\"elementor-section elementor-top-section elementor-element elementor-element-4a2dc2e3 elementor-section-boxed elementor-section-height-default elementor-section-height-default\" data-id=\"4a2dc2e3\" data-element_type=\"section\" data-e-type=\"section\" data-settings=\"{&quot;background_background&quot;:&quot;classic&quot;,&quot;_ha_eqh_enable&quot;:false}\">\n\t\t\t\t\t\t<div class=\"elementor-container elementor-column-gap-default\">\n\t\t\t\t\t<div class=\"elementor-column elementor-col-100 elementor-top-column elementor-element elementor-element-350e856d\" data-id=\"350e856d\" data-element_type=\"column\" data-e-type=\"column\">\n\t\t\t<div class=\"elementor-widget-wrap elementor-element-populated\">\n\t\t\t\t\t\t<section class=\"elementor-section elementor-inner-section elementor-element elementor-element-4c8f38a6 elementor-section-boxed elementor-section-height-default elementor-section-height-default\" data-id=\"4c8f38a6\" data-element_type=\"section\" data-e-type=\"section\" data-settings=\"{&quot;_ha_eqh_enable&quot;:false}\">\n\t\t\t\t\t\t<div class=\"elementor-container elementor-column-gap-default\">\n\t\t\t\t\t<div class=\"elementor-column elementor-col-50 elementor-inner-column elementor-element elementor-element-1def24f5\" data-id=\"1def24f5\" data-element_type=\"column\" data-e-type=\"column\">\n\t\t\t<div class=\"elementor-widget-wrap elementor-element-populated\">\n\t\t\t\t\t\t<div class=\"elementor-element elementor-element-10caa5e1 elementor-widget elementor-widget-heading\" data-id=\"10caa5e1\" data-element_type=\"widget\" data-e-type=\"widget\" data-widget_type=\"heading.default\">\n\t\t\t\t<div class=\"elementor-widget-container\">\n\t\t\t\t\t<h2 class=\"elementor-heading-title elementor-size-default\"><b>VOS<\/b> Nutzfahrzeuge<\/h2>\t\t\t\t<\/div>\n\t\t\t\t<\/div>\n\t\t\t\t<div class=\"elementor-element elementor-element-32133931 elementor-widget elementor-widget-text-editor\" data-id=\"32133931\" data-element_type=\"widget\" data-e-type=\"widget\" data-widget_type=\"text-editor.default\">\n\t\t\t\t<div class=\"elementor-widget-container\">\n\t\t\t\t\t\t\t\t\t<p>Willkommen bei Vos Bedrijfswagens, Ihrem zuverl\u00e4ssigen Partner f\u00fcr den An- und Verkauf von gebrauchten Lkw. Mit unserer langj\u00e4hrigen Erfahrung im Transportsektor bieten wir eine breite Palette von Dienstleistungen und L\u00f6sungen f\u00fcr Ihre spezifischen Bed\u00fcrfnisse.<\/p>\n\t\t\t\t\t\t\t\t<\/div>\n\t\t\t\t<\/div>\n\t\t\t\t<div class=\"elementor-element elementor-element-59f6e6a elementor-widget elementor-widget-heading\" data-id=\"59f6e6a\" data-element_type=\"widget\" data-e-type=\"widget\" data-widget_type=\"heading.default\">\n\t\t\t\t<div class=\"elementor-widget-container\">\n\t\t\t\t\t<h2 class=\"elementor-heading-title elementor-size-default\">Einfuhren und Ausfuhren\n<\/h2>\t\t\t\t<\/div>\n\t\t\t\t<\/div>\n\t\t\t\t<div class=\"elementor-element elementor-element-684eb571 elementor-widget elementor-widget-text-editor\" data-id=\"684eb571\" data-element_type=\"widget\" data-e-type=\"widget\" data-widget_type=\"text-editor.default\">\n\t\t\t\t<div class=\"elementor-widget-container\">\n\t\t\t\t\t\t\t\t\t<p>Unser Fachwissen reicht \u00fcber die Grenzen hinaus. Ganz gleich, ob Sie Fahrzeuge in praktisch jedes Land der Welt einf\u00fchren, zulassen oder verschiffen wollen, wir stehen Ihnen zur Seite. Dank unserer ausgezeichneten Kontakte zu verschiedenen europ\u00e4ischen H\u00e4fen, Schifffahrtsgesellschaften und Spediteuren k\u00f6nnen wir Ihnen sehr wettbewerbsf\u00e4hige Frachtraten anbieten. F\u00fcr nur 150 \u20ac pro Lkw bringen wir Ihren gekauften Lkw zu den H\u00e4fen von Antwerpen, Rotterdam oder Amsterdam.<\/p>\n\t\t\t\t\t\t\t\t<\/div>\n\t\t\t\t<\/div>\n\t\t\t\t\t<\/div>\n\t\t<\/div>\n\t\t\t\t<div class=\"elementor-column elementor-col-50 elementor-inner-column elementor-element elementor-element-34dd43e8\" data-id=\"34dd43e8\" data-element_type=\"column\" data-e-type=\"column\">\n\t\t\t<div class=\"elementor-widget-wrap elementor-element-populated\">\n\t\t\t\t\t\t<div class=\"elementor-element elementor-element-d4fc60e elementor-widget elementor-widget-heading\" data-id=\"d4fc60e\" data-element_type=\"widget\" data-e-type=\"widget\" data-widget_type=\"heading.default\">\n\t\t\t\t<div class=\"elementor-widget-container\">\n\t\t\t\t\t<h2 class=\"elementor-heading-title elementor-size-default\">Nutzfahrzeugbestand<\/h2>\t\t\t\t<\/div>\n\t\t\t\t<\/div>\n\t\t\t\t<div class=\"elementor-element elementor-element-1ab14ced elementor-widget elementor-widget-text-editor\" data-id=\"1ab14ced\" data-element_type=\"widget\" data-e-type=\"widget\" data-widget_type=\"text-editor.default\">\n\t\t\t\t<div class=\"elementor-widget-container\">\n\t\t\t\t\t\t\t\t\t<p>St\u00f6bern Sie in unserem umfangreichen Bestand an gebrauchten Lkw. Wir bieten eine vielf\u00e4ltige Auswahl an Fahrzeugen, die h\u00f6chsten Qualit\u00e4tsanspr\u00fcchen gen\u00fcgen. Ob Sie nun Lkw, Transporter oder spezielle Transportmittel suchen, bei Vos Bedrijfswagens werden Sie f\u00fcndig.<\/p>\n\t\t\t\t\t\t\t\t<\/div>\n\t\t\t\t<\/div>\n\t\t\t\t<div class=\"elementor-element elementor-element-1266cf6 elementor-widget elementor-widget-heading\" data-id=\"1266cf6\" data-element_type=\"widget\" data-e-type=\"widget\" data-widget_type=\"heading.default\">\n\t\t\t\t<div class=\"elementor-widget-container\">\n\t\t\t\t\t<h2 class=\"elementor-heading-title elementor-size-default\">Kontakt<\/h2>\t\t\t\t<\/div>\n\t\t\t\t<\/div>\n\t\t\t\t<div class=\"elementor-element elementor-element-3865832b elementor-widget elementor-widget-text-editor\" data-id=\"3865832b\" data-element_type=\"widget\" data-e-type=\"widget\" data-widget_type=\"text-editor.default\">\n\t\t\t\t<div class=\"elementor-widget-container\">\n\t\t\t\t\t\t\t\t\t<p>Haben Sie Fragen oder m\u00f6chten Sie mehr \u00fcber unsere Dienstleistungen erfahren? Nehmen Sie Kontakt mit uns auf, und unser engagiertes Team ist bereit, Ihnen zu helfen.<\/p>\n<p>Vos Bedrijfswagens Groothandelsweg  <br \/>1c 6515 AH Nijmegen  <br \/>B\u00fcro: +31 (0) 24 &#8211; 348 29 00  <br \/>Peter Vos: +31 6 41 45 18 28  <br \/>Joop Vos: +31 6 53 36 35 46 E-<br \/>E-Mail: <a href=\"mailto:info@vosbedrijfswagens.nl\" target=\"_new\">info@vosbedrijfswagens.nl<\/a><\/p>\n\t\t\t\t\t\t\t\t<\/div>\n\t\t\t\t<\/div>\n\t\t\t\t\t<\/div>\n\t\t<\/div>\n\t\t\t\t\t<\/div>\n\t\t<\/section>\n\t\t\t\t<section class=\"elementor-section elementor-inner-section elementor-element elementor-element-65355d98 elementor-section-boxed elementor-section-height-default elementor-section-height-default\" data-id=\"65355d98\" data-element_type=\"section\" data-e-type=\"section\" data-settings=\"{&quot;_ha_eqh_enable&quot;:false}\">\n\t\t\t\t\t\t<div class=\"elementor-container elementor-column-gap-default\">\n\t\t\t\t\t<div class=\"elementor-column elementor-col-50 elementor-inner-column elementor-element elementor-element-560cc598\" data-id=\"560cc598\" data-element_type=\"column\" data-e-type=\"column\">\n\t\t\t<div class=\"elementor-widget-wrap elementor-element-populated\">\n\t\t\t\t\t\t<div class=\"elementor-element elementor-element-29a55185 elementor-widget elementor-widget-image\" data-id=\"29a55185\" data-element_type=\"widget\" data-e-type=\"widget\" data-widget_type=\"image.default\">\n\t\t\t\t<div class=\"elementor-widget-container\">\n\t\t\t\t\t\t\t\t\t\t\t\t\t\t\t<img decoding=\"async\" width=\"159\" height=\"209\" src=\"https:\/\/www.vosbedrijfswagens.nl\/wp-content\/uploads\/2023\/06\/Logo-vos-bedrijfswagens-trucks-hoofd-vos-kleur_Tekengebied-1.svg\" class=\"attachment-full size-full wp-image-11\" alt=\"\" title=\"\">\t\t\t\t\t\t\t\t\t\t\t\t\t\t\t<\/div>\n\t\t\t\t<\/div>\n\t\t\t\t\t<\/div>\n\t\t<\/div>\n\t\t\t\t<div class=\"elementor-column elementor-col-50 elementor-inner-column elementor-element elementor-element-6e69f4e3\" data-id=\"6e69f4e3\" data-element_type=\"column\" data-e-type=\"column\">\n\t\t\t<div class=\"elementor-widget-wrap elementor-element-populated\">\n\t\t\t\t\t\t<div class=\"elementor-element elementor-element-3db0fc elementor-widget-divider--view-line elementor-widget elementor-widget-divider\" data-id=\"3db0fc\" data-element_type=\"widget\" data-e-type=\"widget\" data-widget_type=\"divider.default\">\n\t\t\t\t<div class=\"elementor-widget-container\">\n\t\t\t\t\t\t\t<div class=\"elementor-divider\">\n\t\t\t<span class=\"elementor-divider-separator\">\n\t\t\t\t\t\t<\/span>\n\t\t<\/div>\n\t\t\t\t\t\t<\/div>\n\t\t\t\t<\/div>\n\t\t\t\t<div class=\"elementor-element elementor-element-6effe3b1 elementor-icon-list--layout-inline elementor-align-start elementor-list-item-link-full_width elementor-widget elementor-widget-icon-list\" data-id=\"6effe3b1\" data-element_type=\"widget\" data-e-type=\"widget\" data-widget_type=\"icon-list.default\">\n\t\t\t\t<div class=\"elementor-widget-container\">\n\t\t\t\t\t\t\t<ul class=\"elementor-icon-list-items elementor-inline-items\">\n\t\t\t\t\t\t\t<li class=\"elementor-icon-list-item elementor-inline-item\">\n\t\t\t\t\t\t\t\t\t\t\t<span class=\"elementor-icon-list-icon\">\n\t\t\t\t\t\t\t<i aria-hidden=\"true\" class=\"hm hm-info\"><\/i>\t\t\t\t\t\t<\/span>\n\t\t\t\t\t\t\t\t\t\t<span class=\"elementor-icon-list-text\">Erfahren Sie mehr \u00fcber VOS Bedrijfwagesn<\/span>\n\t\t\t\t\t\t\t\t\t<\/li>\n\t\t\t\t\t\t\t\t<li class=\"elementor-icon-list-item elementor-inline-item\">\n\t\t\t\t\t\t\t\t\t\t\t<span class=\"elementor-icon-list-icon\">\n\t\t\t\t\t\t\t<i aria-hidden=\"true\" class=\"hm hm-phone\"><\/i>\t\t\t\t\t\t<\/span>\n\t\t\t\t\t\t\t\t\t\t<span class=\"elementor-icon-list-text\"><u>Kontakt VOS Nutzfahrzeuge<\/u><\/span>\n\t\t\t\t\t\t\t\t\t<\/li>\n\t\t\t\t\t\t<\/ul>\n\t\t\t\t\t\t<\/div>\n\t\t\t\t<\/div>\n\t\t\t\t\t<\/div>\n\t\t<\/div>\n\t\t\t\t\t<\/div>\n\t\t<\/section>\n\t\t\t\t\t<\/div>\n\t\t<\/div>\n\t\t\t\t\t<\/div>\n\t\t<\/section>\n\t\t\t\t<section class=\"elementor-section elementor-top-section elementor-element elementor-element-d00c31f elementor-section-boxed elementor-section-height-default elementor-section-height-default\" data-id=\"d00c31f\" data-element_type=\"section\" data-e-type=\"section\" data-settings=\"{&quot;_ha_eqh_enable&quot;:false}\">\n\t\t\t\t\t\t<div class=\"elementor-container elementor-column-gap-default\">\n\t\t\t\t\t<div class=\"elementor-column elementor-col-100 elementor-top-column elementor-element elementor-element-ab9a0d9\" data-id=\"ab9a0d9\" data-element_type=\"column\" data-e-type=\"column\">\n\t\t\t<div class=\"elementor-widget-wrap elementor-element-populated\">\n\t\t\t\t\t\t<div class=\"elementor-element elementor-element-8e4b43d elementor-widget elementor-widget-heading\" data-id=\"8e4b43d\" data-element_type=\"widget\" data-e-type=\"widget\" data-widget_type=\"heading.default\">\n\t\t\t\t<div class=\"elementor-widget-container\">\n\t\t\t\t\t<h2 class=\"elementor-heading-title elementor-size-default\">Warum sollten Sie sich f\u00fcr unsere Aktie entscheiden?<\/h2>\t\t\t\t<\/div>\n\t\t\t\t<\/div>\n\t\t\t\t<div class=\"elementor-element elementor-element-43ea2c2 elementor-widget elementor-widget-text-editor\" data-id=\"43ea2c2\" data-element_type=\"widget\" data-e-type=\"widget\" data-widget_type=\"text-editor.default\">\n\t\t\t\t<div class=\"elementor-widget-container\">\n\t\t\t\t\t\t\t\t\t<ol>\n<li>\n<p><strong>Qualit\u00e4t und Zuverl\u00e4ssigkeit<\/strong>: Jedes Fahrzeug in unserem Bestand wurde sorgf\u00e4ltig gepr\u00fcft und entspricht unseren hohen Qualit\u00e4tsstandards. Sie k\u00f6nnen sicher sein, dass Sie ein zuverl\u00e4ssiges Fahrzeug kaufen.<\/p>\n<\/li>\n<li>\n<p><strong>Vielfalt<\/strong>: Wir wissen, dass unterschiedliche Transportbed\u00fcrfnisse unterschiedliche Fahrzeuge erfordern. Deshalb bieten wir Ihnen eine vielf\u00e4ltige Auswahl, um Ihren spezifischen Anforderungen gerecht zu werden.<\/p>\n<\/li>\n<li>\n<p><strong>Transparenz<\/strong>: Wir bieten detaillierte Informationen zu jedem Fahrzeug in unserem Bestand, damit Sie fundierte Entscheidungen treffen k\u00f6nnen.<\/p>\n<\/li>\n<li>\n<p><strong>Fachkundige Beratung<\/strong>: Unser Team steht Ihnen mit fachkundigem Rat zur Seite und beantwortet alle Ihre Fragen. Wir helfen Ihnen, das richtige Fahrzeug f\u00fcr Ihre Bed\u00fcrfnisse zu finden.<\/p>\n<\/li>\n<\/ol>\n\t\t\t\t\t\t\t\t<\/div>\n\t\t\t\t<\/div>\n\t\t\t\t<div class=\"elementor-element elementor-element-5786c82 elementor-widget elementor-widget-heading\" data-id=\"5786c82\" data-element_type=\"widget\" data-e-type=\"widget\" data-widget_type=\"heading.default\">\n\t\t\t\t<div class=\"elementor-widget-container\">\n\t\t\t\t\t<h2 class=\"elementor-heading-title elementor-size-default\">Finden Sie Ihr ideales Fahrzeug<\/h2>\t\t\t\t<\/div>\n\t\t\t\t<\/div>\n\t\t\t\t<div class=\"elementor-element elementor-element-ddaeb9e elementor-widget elementor-widget-text-editor\" data-id=\"ddaeb9e\" data-element_type=\"widget\" data-e-type=\"widget\" data-widget_type=\"text-editor.default\">\n\t\t\t\t<div class=\"elementor-widget-container\">\n\t\t\t\t\t\t\t\t\t<p>Mit unserer benutzerfreundlichen Suchfunktion k\u00f6nnen Sie nach Marke, Fahrzeugtyp, Preisklasse und mehr filtern. So k\u00f6nnen Sie schnell und effizient Fahrzeuge finden, die Ihren Kriterien entsprechen. Wenn Sie Hilfe bei der Suche nach dem richtigen Fahrzeug ben\u00f6tigen, z\u00f6gern Sie nicht, uns zu kontaktieren. Unser Team ist bereit, Sie bei Ihrer Suche zu unterst\u00fctzen.<\/p>\n<p>Wir von Vos Bedrijfswagens glauben daran, dass wir unseren Kunden eine gro\u00dfe Auswahl und Qualit\u00e4t bieten k\u00f6nnen. Unser Angebot ist auf Ihre Bed\u00fcrfnisse abgestimmt, und wir helfen Ihnen gerne, das Fahrzeug zu finden, das Ihren Anforderungen entspricht. St\u00f6bern Sie in unserem Angebot und entdecken Sie noch heute Ihr Wunschfahrzeug.<\/p>\n\t\t\t\t\t\t\t\t<\/div>\n\t\t\t\t<\/div>\n\t\t\t\t\t<\/div>\n\t\t<\/div>\n\t\t\t\t\t<\/div>\n\t\t<\/section>\n\t\t\t\t<section class=\"elementor-section elementor-top-section elementor-element elementor-element-4284423a elementor-reverse-mobile elementor-section-boxed elementor-section-height-default elementor-section-height-default\" data-id=\"4284423a\" data-element_type=\"section\" data-e-type=\"section\" data-settings=\"{&quot;background_background&quot;:&quot;classic&quot;,&quot;_ha_eqh_enable&quot;:false}\">\n\t\t\t\t\t\t<div class=\"elementor-container elementor-column-gap-default\">\n\t\t\t\t\t<div class=\"elementor-column elementor-col-50 elementor-top-column elementor-element elementor-element-456b403d\" data-id=\"456b403d\" data-element_type=\"column\" data-e-type=\"column\">\n\t\t\t<div class=\"elementor-widget-wrap elementor-element-populated\">\n\t\t\t\t\t\t<div class=\"elementor-element elementor-element-79f03fa6 elementor-widget elementor-widget-heading\" data-id=\"79f03fa6\" data-element_type=\"widget\" data-e-type=\"widget\" data-widget_type=\"heading.default\">\n\t\t\t\t<div class=\"elementor-widget-container\">\n\t\t\t\t\t<h2 class=\"elementor-heading-title elementor-size-default\">Hilfe ben\u00f6tigt<\/h2>\t\t\t\t<\/div>\n\t\t\t\t<\/div>\n\t\t\t\t<div class=\"elementor-element elementor-element-1024e5a3 elementor-widget elementor-widget-heading\" data-id=\"1024e5a3\" data-element_type=\"widget\" data-e-type=\"widget\" data-widget_type=\"heading.default\">\n\t\t\t\t<div class=\"elementor-widget-container\">\n\t\t\t\t\t<h2 class=\"elementor-heading-title elementor-size-default\">Sie finden nicht den richtigen Firmenwagen?<\/h2>\t\t\t\t<\/div>\n\t\t\t\t<\/div>\n\t\t\t\t<div class=\"elementor-element elementor-element-325d597c elementor-widget elementor-widget-text-editor\" data-id=\"325d597c\" data-element_type=\"widget\" data-e-type=\"widget\" data-widget_type=\"text-editor.default\">\n\t\t\t\t<div class=\"elementor-widget-container\">\n\t\t\t\t\t\t\t\t\t<p>Wenn Sie zus\u00e4tzliche Unterst\u00fctzung ben\u00f6tigen oder spezielle Fragen haben, z\u00f6gern Sie nicht, uns zu kontaktieren. Unser Expertenteam steht Ihnen zur Seite und versorgt Sie mit allen notwendigen Informationen. Wir sind f\u00fcr Sie da, um Ihre Fragen zu beantworten und Ihnen zu helfen, die richtigen L\u00f6sungen f\u00fcr Ihren Nutzfahrzeugbedarf zu finden.<\/p>\n\t\t\t\t\t\t\t\t<\/div>\n\t\t\t\t<\/div>\n\t\t\t\t<div class=\"elementor-element elementor-element-7ee75bcb elementor-widget elementor-widget-button\" data-id=\"7ee75bcb\" data-element_type=\"widget\" data-e-type=\"widget\" data-widget_type=\"button.default\">\n\t\t\t\t<div class=\"elementor-widget-container\">\n\t\t\t\t\t\t\t\t\t<div class=\"elementor-button-wrapper\">\n\t\t\t\t\t<a class=\"elementor-button elementor-button-link elementor-size-sm\" href=\"#\">\n\t\t\t\t\t\t<span class=\"elementor-button-content-wrapper\">\n\t\t\t\t\t\t\t\t\t<span class=\"elementor-button-text\">Ansprechpartner Peter Vos<\/span>\n\t\t\t\t\t<\/span>\n\t\t\t\t\t<\/a>\n\t\t\t\t<\/div>\n\t\t\t\t\t\t\t\t<\/div>\n\t\t\t\t<\/div>\n\t\t\t\t\t<\/div>\n\t\t<\/div>\n\t\t\t\t<div class=\"elementor-column elementor-col-50 elementor-top-column elementor-element elementor-element-3c64fa31\" data-id=\"3c64fa31\" data-element_type=\"column\" data-e-type=\"column\">\n\t\t\t<div class=\"elementor-widget-wrap elementor-element-populated\">\n\t\t\t\t\t\t\t<\/div>\n\t\t<\/div>\n\t\t\t\t\t<\/div>\n\t\t<\/section>\n\t\t\t\t<\/div>\n\t\t","protected":false},"excerpt":{"rendered":"<p>Lager Traktoren Entdecken Sie unser umfangreiches Angebot an Traktoren Entdecken Sie unseren Bestand<\/p>\n","protected":false},"author":1,"featured_media":0,"parent":0,"menu_order":0,"comment_status":"closed","ping_status":"closed","template":"elementor_header_footer","meta":{"footnotes":""},"class_list":["post-1369","page","type-page","status-publish","hentry"],"_links":{"self":[{"href":"https:\/\/www.vosbedrijfswagens.nl\/de\/wp-json\/wp\/v2\/pages\/1369","targetHints":{"allow":["GET"]}}],"collection":[{"href":"https:\/\/www.vosbedrijfswagens.nl\/de\/wp-json\/wp\/v2\/pages"}],"about":[{"href":"https:\/\/www.vosbedrijfswagens.nl\/de\/wp-json\/wp\/v2\/types\/page"}],"author":[{"embeddable":true,"href":"https:\/\/www.vosbedrijfswagens.nl\/de\/wp-json\/wp\/v2\/users\/1"}],"replies":[{"embeddable":true,"href":"https:\/\/www.vosbedrijfswagens.nl\/de\/wp-json\/wp\/v2\/comments?post=1369"}],"version-history":[{"count":0,"href":"https:\/\/www.vosbedrijfswagens.nl\/de\/wp-json\/wp\/v2\/pages\/1369\/revisions"}],"wp:attachment":[{"href":"https:\/\/www.vosbedrijfswagens.nl\/de\/wp-json\/wp\/v2\/media?parent=1369"}],"curies":[{"name":"wp","href":"https:\/\/api.w.org\/{rel}","templated":true}]}}